{"id":3363,"date":"2025-11-03T21:56:17","date_gmt":"2025-11-03T21:56:17","guid":{"rendered":"https:\/\/senzorika.ajvonidol.si\/?post_type=product&#038;p=3363"},"modified":"2025-12-31T08:34:05","modified_gmt":"2025-12-31T08:34:05","slug":"otezena-deka","status":"publish","type":"product","link":"https:\/\/senzorika-varga.si\/en\/product\/otezena-deka\/","title":{"rendered":"Ote\u017eena deka"},"content":{"rendered":"<div><!--block-->Deka ima ve\u010d zra\u010dnih delov in je brez \u0161ivov. Primerno za prepre\u010devanje infekcij, enostavna za \u010distiti in su\u0161i se zelo hitro.<\/div>","protected":false},"excerpt":{"rendered":"<p>Ote\u017eena deka<\/p>","protected":false},"featured_media":6403,"menu_order":0,"comment_status":"open","ping_status":"closed","template":"","meta":[],"product_brand":[],"product_cat":[98,95,125,100],"product_tag":[],"class_list":{"0":"post-3363","1":"product","2":"type-product","3":"status-publish","4":"has-post-thumbnail","6":"product_cat-obcutek-telesa","7":"product_cat-propriocepcija","8":"product_cat-snoezelen","9":"product_cat-udobje","11":"first","12":"instock","13":"taxable","14":"shipping-taxable","15":"purchasable","16":"product-type-simple"},"jetpack_sharing_enabled":true,"_links":{"self":[{"href":"https:\/\/senzorika-varga.si\/en\/wp-json\/wp\/v2\/product\/3363","targetHints":{"allow":["GET"]}}],"collection":[{"href":"https:\/\/senzorika-varga.si\/en\/wp-json\/wp\/v2\/product"}],"about":[{"href":"https:\/\/senzorika-varga.si\/en\/wp-json\/wp\/v2\/types\/product"}],"replies":[{"embeddable":true,"href":"https:\/\/senzorika-varga.si\/en\/wp-json\/wp\/v2\/comments?post=3363"}],"version-history":[{"count":1,"href":"https:\/\/senzorika-varga.si\/en\/wp-json\/wp\/v2\/product\/3363\/revisions"}],"predecessor-version":[{"id":3364,"href":"https:\/\/senzorika-varga.si\/en\/wp-json\/wp\/v2\/product\/3363\/revisions\/3364"}],"wp:featuredmedia":[{"embeddable":true,"href":"https:\/\/senzorika-varga.si\/en\/wp-json\/wp\/v2\/media\/6403"}],"wp:attachment":[{"href":"https:\/\/senzorika-varga.si\/en\/wp-json\/wp\/v2\/media?parent=3363"}],"wp:term":[{"taxonomy":"product_brand","embeddable":true,"href":"https:\/\/senzorika-varga.si\/en\/wp-json\/wp\/v2\/product_brand?post=3363"},{"taxonomy":"product_cat","embeddable":true,"href":"https:\/\/senzorika-varga.si\/en\/wp-json\/wp\/v2\/product_cat?post=3363"},{"taxonomy":"product_tag","embeddable":true,"href":"https:\/\/senzorika-varga.si\/en\/wp-json\/wp\/v2\/product_tag?post=3363"}],"curies":[{"name":"wp","href":"https:\/\/api.w.org\/{rel}","templated":true}]}}