{"id":3237,"date":"2025-11-03T21:56:02","date_gmt":"2025-11-03T21:56:02","guid":{"rendered":"https:\/\/senzorika.ajvonidol.si\/?post_type=product&#038;p=3237"},"modified":"2026-01-18T13:05:20","modified_gmt":"2026-01-18T13:05:20","slug":"velik-tickle-me-tunel","status":"publish","type":"product","link":"https:\/\/senzorika-varga.si\/en\/product\/velik-tickle-me-tunel\/","title":{"rendered":"Velik Tickle me Tunel"},"content":{"rendered":"<p><strong>Opis<\/strong><br \/>\nPripravite se na divjo pustolov\u0161\u010dino v na\u0161i ogromni, s smehom napolnjeni \u0161otorni igralnici! Navdu\u0161ila vas bo odli\u010dna zra\u010dnost, ki ohranja sve\u017eino, medtem ko imate svoje otroke ves \u010das na o\u010deh.<\/p>\n<p>Izbolj\u0161ane lastnosti tega zabavnega in prostornega \u0161otora prina\u0161ajo \u0161tevilne prednosti tudi za otroke s posebnimi potrebami:<\/p>\n<p><strong>Varno opazovanje:<\/strong> Neprekinjen pogled na otroke med igro omogo\u010da star\u0161em in skrbnikom, da natan\u010dno spremljajo njihove aktivnosti. To je \u0161e posebej pomembno za otroke s posebnimi potrebami, ki lahko potrebujejo dodatno pozornost in nadzor.<\/p>\n<p><strong>Udobno okolje:<\/strong> Odli\u010dna ventilacija zagotavlja, da \u0161otor ostane prijeten in dobro prezra\u010den, kar je lahko klju\u010dno za otroke s senzori\u010dnimi ob\u010dutljivostmi. Tako nastane bolj vklju\u010dujo\u010d in senzori\u010dno prijazen prostor za igro.<\/p>\n<p><strong>Vklju\u010dujo\u010da igra:<\/strong> Velikost \u0161otora nudi dovolj prostora za razli\u010dne vrste igre, kar ustvarja okolje, v katerem se lahko igrajo otroci z razli\u010dnimi sposobnostmi. To spodbuja socialno interakcijo in omogo\u010da otrokom s posebnimi potrebami, da se vklju\u010dijo brez ob\u010dutka izklju\u010denosti.<\/p>\n<p><strong>Prilo\u017enosti za u\u010denje:<\/strong> Otroci s posebnimi potrebami lahko skozi igro razvijajo pomembne ve\u0161\u010dine. Prostorna notranjost in dobra preglednost omogo\u010data izvajanje \u0161tevilnih izobra\u017eevalnih iger in aktivnosti, ki podpirajo njihov razvoj.<\/p>\n<p><span style=\"text-decoration: underline;\">Specifikacije izdelka:<\/span><br \/>\nVelikost izdelka: 160 \u00d7 170 \u00d7 270 cm, te\u017ea: 6,83 kg<br \/>\nVelikost paketa: 18 \u00d7 18 \u00d7 63 cm, te\u017ea: 7,98 kg<\/p>","protected":false},"excerpt":{"rendered":"<p>Velik Tickle me Tunel<\/p>","protected":false},"featured_media":7745,"menu_order":0,"comment_status":"open","ping_status":"closed","template":"","meta":[],"product_brand":[],"product_cat":[106,101,119],"product_tag":[],"class_list":{"0":"post-3237","1":"product","2":"type-product","3":"status-publish","4":"has-post-thumbnail","6":"product_cat-gibanje","7":"product_cat-motorika","8":"product_cat-socializacija","10":"first","11":"instock","12":"taxable","13":"shipping-taxable","14":"purchasable","15":"product-type-simple"},"jetpack_sharing_enabled":true,"_links":{"self":[{"href":"https:\/\/senzorika-varga.si\/en\/wp-json\/wp\/v2\/product\/3237","targetHints":{"allow":["GET"]}}],"collection":[{"href":"https:\/\/senzorika-varga.si\/en\/wp-json\/wp\/v2\/product"}],"about":[{"href":"https:\/\/senzorika-varga.si\/en\/wp-json\/wp\/v2\/types\/product"}],"replies":[{"embeddable":true,"href":"https:\/\/senzorika-varga.si\/en\/wp-json\/wp\/v2\/comments?post=3237"}],"version-history":[{"count":3,"href":"https:\/\/senzorika-varga.si\/en\/wp-json\/wp\/v2\/product\/3237\/revisions"}],"predecessor-version":[{"id":13501,"href":"https:\/\/senzorika-varga.si\/en\/wp-json\/wp\/v2\/product\/3237\/revisions\/13501"}],"wp:featuredmedia":[{"embeddable":true,"href":"https:\/\/senzorika-varga.si\/en\/wp-json\/wp\/v2\/media\/7745"}],"wp:attachment":[{"href":"https:\/\/senzorika-varga.si\/en\/wp-json\/wp\/v2\/media?parent=3237"}],"wp:term":[{"taxonomy":"product_brand","embeddable":true,"href":"https:\/\/senzorika-varga.si\/en\/wp-json\/wp\/v2\/product_brand?post=3237"},{"taxonomy":"product_cat","embeddable":true,"href":"https:\/\/senzorika-varga.si\/en\/wp-json\/wp\/v2\/product_cat?post=3237"},{"taxonomy":"product_tag","embeddable":true,"href":"https:\/\/senzorika-varga.si\/en\/wp-json\/wp\/v2\/product_tag?post=3237"}],"curies":[{"name":"wp","href":"https:\/\/api.w.org\/{rel}","templated":true}]}}