{"id":3043,"date":"2025-11-03T21:55:36","date_gmt":"2025-11-03T21:55:36","guid":{"rendered":"https:\/\/senzorika.ajvonidol.si\/?post_type=product&#038;p=3043"},"modified":"2025-12-31T08:36:42","modified_gmt":"2025-12-31T08:36:42","slug":"enojna-glasbena-vod-postelja","status":"publish","type":"product","link":"https:\/\/senzorika-varga.si\/en\/product\/enojna-glasbena-vod-postelja\/","title":{"rendered":"Enojna glasbena vod. postelja"},"content":{"rendered":"<div><!--block-->Voda je odli\u010den medij za glasbo in resonanco. Lesena podloga postelje je dostopna za nosilce nepokretne osebe in vklju\u010duje dva zvo\u010dnika (oddajata vibracije), da lahko priklju\u010dite na oja\u010devalec (ni vklju\u010den), koda: 9RSX.<\/div>","protected":false},"excerpt":{"rendered":"<p>Enojna glasbena vod. postelja<\/p>","protected":false},"featured_media":8288,"menu_order":0,"comment_status":"open","ping_status":"closed","template":"","meta":[],"product_brand":[],"product_cat":[98,95,125,126],"product_tag":[],"class_list":{"0":"post-3043","1":"product","2":"type-product","3":"status-publish","4":"has-post-thumbnail","6":"product_cat-obcutek-telesa","7":"product_cat-propriocepcija","8":"product_cat-snoezelen","9":"product_cat-vodne-postelje","11":"first","12":"instock","13":"taxable","14":"shipping-taxable","15":"purchasable","16":"product-type-simple"},"jetpack_sharing_enabled":true,"_links":{"self":[{"href":"https:\/\/senzorika-varga.si\/en\/wp-json\/wp\/v2\/product\/3043","targetHints":{"allow":["GET"]}}],"collection":[{"href":"https:\/\/senzorika-varga.si\/en\/wp-json\/wp\/v2\/product"}],"about":[{"href":"https:\/\/senzorika-varga.si\/en\/wp-json\/wp\/v2\/types\/product"}],"replies":[{"embeddable":true,"href":"https:\/\/senzorika-varga.si\/en\/wp-json\/wp\/v2\/comments?post=3043"}],"version-history":[{"count":1,"href":"https:\/\/senzorika-varga.si\/en\/wp-json\/wp\/v2\/product\/3043\/revisions"}],"predecessor-version":[{"id":3044,"href":"https:\/\/senzorika-varga.si\/en\/wp-json\/wp\/v2\/product\/3043\/revisions\/3044"}],"wp:featuredmedia":[{"embeddable":true,"href":"https:\/\/senzorika-varga.si\/en\/wp-json\/wp\/v2\/media\/8288"}],"wp:attachment":[{"href":"https:\/\/senzorika-varga.si\/en\/wp-json\/wp\/v2\/media?parent=3043"}],"wp:term":[{"taxonomy":"product_brand","embeddable":true,"href":"https:\/\/senzorika-varga.si\/en\/wp-json\/wp\/v2\/product_brand?post=3043"},{"taxonomy":"product_cat","embeddable":true,"href":"https:\/\/senzorika-varga.si\/en\/wp-json\/wp\/v2\/product_cat?post=3043"},{"taxonomy":"product_tag","embeddable":true,"href":"https:\/\/senzorika-varga.si\/en\/wp-json\/wp\/v2\/product_tag?post=3043"}],"curies":[{"name":"wp","href":"https:\/\/api.w.org\/{rel}","templated":true}]}}