{"id":3029,"date":"2025-11-03T21:55:34","date_gmt":"2025-11-03T21:55:34","guid":{"rendered":"https:\/\/senzorika.ajvonidol.si\/?post_type=product&#038;p=3029"},"modified":"2025-12-31T08:34:12","modified_gmt":"2025-12-31T08:34:12","slug":"sedez-za-malcke-2","status":"publish","type":"product","link":"https:\/\/senzorika-varga.si\/en\/product\/sedez-za-malcke-2\/","title":{"rendered":"Sede\u017e za mal\u010dke"},"content":{"rendered":"<p>Na\u0161 edinstveni sede\u017e za mal\u010dke z dvojnim privezom. Brez sprednjih vrvi la\u017eje namestimo otroka v sede\u017eek. Manj bremenitev rok ali nog. Udoben in kvaliteten sede\u017eek.<\/p>","protected":false},"excerpt":{"rendered":"<p>Sede\u017e za mal\u010dke<\/p>","protected":false},"featured_media":9594,"menu_order":0,"comment_status":"open","ping_status":"closed","template":"","meta":[],"product_brand":[],"product_cat":[76,78,75],"product_tag":[],"class_list":{"0":"post-3029","1":"product","2":"type-product","3":"status-publish","4":"has-post-thumbnail","6":"product_cat-gugalnice","7":"product_cat-senzorna-integracija","8":"product_cat-vestibularni-pripomocki","10":"first","11":"instock","12":"taxable","13":"shipping-taxable","14":"purchasable","15":"product-type-simple"},"jetpack_sharing_enabled":true,"_links":{"self":[{"href":"https:\/\/senzorika-varga.si\/en\/wp-json\/wp\/v2\/product\/3029","targetHints":{"allow":["GET"]}}],"collection":[{"href":"https:\/\/senzorika-varga.si\/en\/wp-json\/wp\/v2\/product"}],"about":[{"href":"https:\/\/senzorika-varga.si\/en\/wp-json\/wp\/v2\/types\/product"}],"replies":[{"embeddable":true,"href":"https:\/\/senzorika-varga.si\/en\/wp-json\/wp\/v2\/comments?post=3029"}],"version-history":[{"count":1,"href":"https:\/\/senzorika-varga.si\/en\/wp-json\/wp\/v2\/product\/3029\/revisions"}],"predecessor-version":[{"id":3030,"href":"https:\/\/senzorika-varga.si\/en\/wp-json\/wp\/v2\/product\/3029\/revisions\/3030"}],"wp:featuredmedia":[{"embeddable":true,"href":"https:\/\/senzorika-varga.si\/en\/wp-json\/wp\/v2\/media\/9594"}],"wp:attachment":[{"href":"https:\/\/senzorika-varga.si\/en\/wp-json\/wp\/v2\/media?parent=3029"}],"wp:term":[{"taxonomy":"product_brand","embeddable":true,"href":"https:\/\/senzorika-varga.si\/en\/wp-json\/wp\/v2\/product_brand?post=3029"},{"taxonomy":"product_cat","embeddable":true,"href":"https:\/\/senzorika-varga.si\/en\/wp-json\/wp\/v2\/product_cat?post=3029"},{"taxonomy":"product_tag","embeddable":true,"href":"https:\/\/senzorika-varga.si\/en\/wp-json\/wp\/v2\/product_tag?post=3029"}],"curies":[{"name":"wp","href":"https:\/\/api.w.org\/{rel}","templated":true}]}}