{"id":3021,"date":"2025-11-03T21:55:33","date_gmt":"2025-11-03T21:55:33","guid":{"rendered":"https:\/\/senzorika.ajvonidol.si\/?post_type=product&#038;p=3021"},"modified":"2025-12-31T08:36:16","modified_gmt":"2025-12-31T08:36:16","slug":"zvocno-svetlobna-kupola","status":"publish","type":"product","link":"https:\/\/senzorika-varga.si\/en\/product\/zvocno-svetlobna-kupola\/","title":{"rendered":"Zvo\u010dno svetlobna kupola &#8211; strop"},"content":{"rendered":"<p>V stropu lepo montirana kupola, ki glede na zvok spreminja brilijatne barve. Igri\u0161\u010de zvokov izvedejo spreminanje barv. Vsako \u017evi\u017eganje daje druga\u010dno barvo.<\/p>","protected":false},"excerpt":{"rendered":"<p>Zvo\u010dno svetlobna kupola &#8211; strop<\/p>","protected":false},"featured_media":6004,"menu_order":0,"comment_status":"open","ping_status":"closed","template":"","meta":[],"product_brand":[],"product_cat":[113,125,131,118],"product_tag":[],"class_list":{"0":"post-3021","1":"product","2":"type-product","3":"status-publish","4":"has-post-thumbnail","6":"product_cat-komunikacija","7":"product_cat-snoezelen","8":"product_cat-vecta-mse","9":"product_cat-zvcni-obcutki","11":"first","12":"instock","13":"taxable","14":"shipping-taxable","15":"purchasable","16":"product-type-simple"},"jetpack_sharing_enabled":true,"_links":{"self":[{"href":"https:\/\/senzorika-varga.si\/en\/wp-json\/wp\/v2\/product\/3021","targetHints":{"allow":["GET"]}}],"collection":[{"href":"https:\/\/senzorika-varga.si\/en\/wp-json\/wp\/v2\/product"}],"about":[{"href":"https:\/\/senzorika-varga.si\/en\/wp-json\/wp\/v2\/types\/product"}],"replies":[{"embeddable":true,"href":"https:\/\/senzorika-varga.si\/en\/wp-json\/wp\/v2\/comments?post=3021"}],"version-history":[{"count":1,"href":"https:\/\/senzorika-varga.si\/en\/wp-json\/wp\/v2\/product\/3021\/revisions"}],"predecessor-version":[{"id":3022,"href":"https:\/\/senzorika-varga.si\/en\/wp-json\/wp\/v2\/product\/3021\/revisions\/3022"}],"wp:featuredmedia":[{"embeddable":true,"href":"https:\/\/senzorika-varga.si\/en\/wp-json\/wp\/v2\/media\/6004"}],"wp:attachment":[{"href":"https:\/\/senzorika-varga.si\/en\/wp-json\/wp\/v2\/media?parent=3021"}],"wp:term":[{"taxonomy":"product_brand","embeddable":true,"href":"https:\/\/senzorika-varga.si\/en\/wp-json\/wp\/v2\/product_brand?post=3021"},{"taxonomy":"product_cat","embeddable":true,"href":"https:\/\/senzorika-varga.si\/en\/wp-json\/wp\/v2\/product_cat?post=3021"},{"taxonomy":"product_tag","embeddable":true,"href":"https:\/\/senzorika-varga.si\/en\/wp-json\/wp\/v2\/product_tag?post=3021"}],"curies":[{"name":"wp","href":"https:\/\/api.w.org\/{rel}","templated":true}]}}