{"id":2975,"date":"2025-11-03T21:55:28","date_gmt":"2025-11-03T21:55:28","guid":{"rendered":"https:\/\/senzorika.ajvonidol.si\/?post_type=product&#038;p=2975"},"modified":"2025-12-31T08:36:16","modified_gmt":"2025-12-31T08:36:16","slug":"h2o","status":"publish","type":"product","link":"https:\/\/senzorika-varga.si\/en\/product\/h2o\/","title":{"rendered":"H2O projektor"},"content":{"rendered":"<p>Name\u0161\u010deno izven dosega. Prika\u017ee slike ve\u010dbarvne teko\u010de vode. Menja se 6 razli\u010dnih barv.<\/p>","protected":false},"excerpt":{"rendered":"<p>H2O projektor<\/p>","protected":false},"featured_media":8676,"menu_order":0,"comment_status":"open","ping_status":"closed","template":"","meta":[],"product_brand":[],"product_cat":[71,70,129,125,68,74],"product_tag":[],"class_list":{"0":"post-2975","1":"product","2":"type-product","3":"status-publish","4":"has-post-thumbnail","6":"product_cat-barve","7":"product_cat-gledanje","8":"product_cat-projektorji","9":"product_cat-snoezelen","10":"product_cat-vizualni-pripomocki","11":"product_cat-vrteci-izdelki","13":"first","14":"instock","15":"taxable","16":"shipping-taxable","17":"purchasable","18":"product-type-simple"},"jetpack_sharing_enabled":true,"_links":{"self":[{"href":"https:\/\/senzorika-varga.si\/en\/wp-json\/wp\/v2\/product\/2975","targetHints":{"allow":["GET"]}}],"collection":[{"href":"https:\/\/senzorika-varga.si\/en\/wp-json\/wp\/v2\/product"}],"about":[{"href":"https:\/\/senzorika-varga.si\/en\/wp-json\/wp\/v2\/types\/product"}],"replies":[{"embeddable":true,"href":"https:\/\/senzorika-varga.si\/en\/wp-json\/wp\/v2\/comments?post=2975"}],"version-history":[{"count":1,"href":"https:\/\/senzorika-varga.si\/en\/wp-json\/wp\/v2\/product\/2975\/revisions"}],"predecessor-version":[{"id":2976,"href":"https:\/\/senzorika-varga.si\/en\/wp-json\/wp\/v2\/product\/2975\/revisions\/2976"}],"wp:featuredmedia":[{"embeddable":true,"href":"https:\/\/senzorika-varga.si\/en\/wp-json\/wp\/v2\/media\/8676"}],"wp:attachment":[{"href":"https:\/\/senzorika-varga.si\/en\/wp-json\/wp\/v2\/media?parent=2975"}],"wp:term":[{"taxonomy":"product_brand","embeddable":true,"href":"https:\/\/senzorika-varga.si\/en\/wp-json\/wp\/v2\/product_brand?post=2975"},{"taxonomy":"product_cat","embeddable":true,"href":"https:\/\/senzorika-varga.si\/en\/wp-json\/wp\/v2\/product_cat?post=2975"},{"taxonomy":"product_tag","embeddable":true,"href":"https:\/\/senzorika-varga.si\/en\/wp-json\/wp\/v2\/product_tag?post=2975"}],"curies":[{"name":"wp","href":"https:\/\/api.w.org\/{rel}","templated":true}]}}