{"id":2909,"date":"2025-11-03T21:55:18","date_gmt":"2025-11-03T21:55:18","guid":{"rendered":"https:\/\/senzorika.ajvonidol.si\/?post_type=product&#038;p=2909"},"modified":"2025-12-31T08:34:28","modified_gmt":"2025-12-31T08:34:28","slug":"zlozljivi-okvir-az-aktiv","status":"publish","type":"product","link":"https:\/\/senzorika-varga.si\/en\/product\/zlozljivi-okvir-az-aktiv\/","title":{"rendered":"Zlo\u017eljivi okvir za aktivnost"},"content":{"rendered":"<div><!--block-->Ogrodje iz jeklenih cevi. Trakovi omogo\u010dajo doseg do razli\u010dnih predmetov (niso vklju\u010deni).<\/div>","protected":false},"excerpt":{"rendered":"<p>Zlo\u017eljivi okvir za aktivnost<\/p>","protected":false},"featured_media":8215,"menu_order":0,"comment_status":"open","ping_status":"closed","template":"","meta":[],"product_brand":[],"product_cat":[106,70,101,112,104,107,105,68],"product_tag":[],"class_list":{"0":"post-2909","1":"product","2":"type-product","3":"status-publish","4":"has-post-thumbnail","6":"product_cat-gibanje","7":"product_cat-gledanje","8":"product_cat-motorika","9":"product_cat-odzivnost-in-nagrajevanje","10":"product_cat-seganje","11":"product_cat-spoznavanje","12":"product_cat-terapija","13":"product_cat-vizualni-pripomocki","15":"first","16":"instock","17":"taxable","18":"shipping-taxable","19":"purchasable","20":"product-type-simple"},"jetpack_sharing_enabled":true,"_links":{"self":[{"href":"https:\/\/senzorika-varga.si\/en\/wp-json\/wp\/v2\/product\/2909","targetHints":{"allow":["GET"]}}],"collection":[{"href":"https:\/\/senzorika-varga.si\/en\/wp-json\/wp\/v2\/product"}],"about":[{"href":"https:\/\/senzorika-varga.si\/en\/wp-json\/wp\/v2\/types\/product"}],"replies":[{"embeddable":true,"href":"https:\/\/senzorika-varga.si\/en\/wp-json\/wp\/v2\/comments?post=2909"}],"version-history":[{"count":1,"href":"https:\/\/senzorika-varga.si\/en\/wp-json\/wp\/v2\/product\/2909\/revisions"}],"predecessor-version":[{"id":2910,"href":"https:\/\/senzorika-varga.si\/en\/wp-json\/wp\/v2\/product\/2909\/revisions\/2910"}],"wp:featuredmedia":[{"embeddable":true,"href":"https:\/\/senzorika-varga.si\/en\/wp-json\/wp\/v2\/media\/8215"}],"wp:attachment":[{"href":"https:\/\/senzorika-varga.si\/en\/wp-json\/wp\/v2\/media?parent=2909"}],"wp:term":[{"taxonomy":"product_brand","embeddable":true,"href":"https:\/\/senzorika-varga.si\/en\/wp-json\/wp\/v2\/product_brand?post=2909"},{"taxonomy":"product_cat","embeddable":true,"href":"https:\/\/senzorika-varga.si\/en\/wp-json\/wp\/v2\/product_cat?post=2909"},{"taxonomy":"product_tag","embeddable":true,"href":"https:\/\/senzorika-varga.si\/en\/wp-json\/wp\/v2\/product_tag?post=2909"}],"curies":[{"name":"wp","href":"https:\/\/api.w.org\/{rel}","templated":true}]}}