{"id":2885,"date":"2025-11-03T21:55:16","date_gmt":"2025-11-03T21:55:16","guid":{"rendered":"https:\/\/senzorika.ajvonidol.si\/?post_type=product&#038;p=2885"},"modified":"2025-12-31T08:33:35","modified_gmt":"2025-12-31T08:33:35","slug":"komplet-namiznih-zvonckov","status":"publish","type":"product","link":"https:\/\/senzorika-varga.si\/en\/product\/komplet-namiznih-zvonckov\/","title":{"rendered":"Komplet namiznih zvon\u010dkov"},"content":{"rendered":"<p>Otro\u0161ki namizni zvon\u010dek je posebna vrsta kompleta zvon\u010dkov, z njimi se lahko igrate, ne da bi jih morali dvigniti na povr\u0161ino, samo pritisnite gumb in zagotovo vas bodo pozdravili zvoki. Na voljo je 8 jasno ozna\u010denih zvon\u010dkov z lepimi \u017eivahnimi barvami, ki bodo pritegnile va\u0161o pozornost in vizualno spodbudile uporabnika.<\/p>\n<p>Zaigrani toni vam bodo ponudili tudi slu\u0161ni senzori\u010dni vnos. Zakaj se ne bi igrali s prijateljem in si igro naredili bolj zabavno?<\/p>","protected":false},"excerpt":{"rendered":"<p>Komplet namiznih zvon\u010dkov<\/p>","protected":false},"featured_media":5796,"menu_order":0,"comment_status":"open","ping_status":"closed","template":"","meta":[],"product_brand":[],"product_cat":[102,116,89,113,101,88],"product_tag":[],"class_list":{"0":"post-2885","1":"product","2":"type-product","3":"status-publish","4":"has-post-thumbnail","6":"product_cat-fina-motorika","7":"product_cat-glasbeni-instrumenti","8":"product_cat-glasne-igrace","9":"product_cat-komunikacija","10":"product_cat-motorika","11":"product_cat-pripomocki-za-sluh","13":"first","14":"instock","15":"taxable","16":"shipping-taxable","17":"purchasable","18":"product-type-simple"},"jetpack_sharing_enabled":true,"_links":{"self":[{"href":"https:\/\/senzorika-varga.si\/en\/wp-json\/wp\/v2\/product\/2885","targetHints":{"allow":["GET"]}}],"collection":[{"href":"https:\/\/senzorika-varga.si\/en\/wp-json\/wp\/v2\/product"}],"about":[{"href":"https:\/\/senzorika-varga.si\/en\/wp-json\/wp\/v2\/types\/product"}],"replies":[{"embeddable":true,"href":"https:\/\/senzorika-varga.si\/en\/wp-json\/wp\/v2\/comments?post=2885"}],"version-history":[{"count":3,"href":"https:\/\/senzorika-varga.si\/en\/wp-json\/wp\/v2\/product\/2885\/revisions"}],"predecessor-version":[{"id":9805,"href":"https:\/\/senzorika-varga.si\/en\/wp-json\/wp\/v2\/product\/2885\/revisions\/9805"}],"wp:featuredmedia":[{"embeddable":true,"href":"https:\/\/senzorika-varga.si\/en\/wp-json\/wp\/v2\/media\/5796"}],"wp:attachment":[{"href":"https:\/\/senzorika-varga.si\/en\/wp-json\/wp\/v2\/media?parent=2885"}],"wp:term":[{"taxonomy":"product_brand","embeddable":true,"href":"https:\/\/senzorika-varga.si\/en\/wp-json\/wp\/v2\/product_brand?post=2885"},{"taxonomy":"product_cat","embeddable":true,"href":"https:\/\/senzorika-varga.si\/en\/wp-json\/wp\/v2\/product_cat?post=2885"},{"taxonomy":"product_tag","embeddable":true,"href":"https:\/\/senzorika-varga.si\/en\/wp-json\/wp\/v2\/product_tag?post=2885"}],"curies":[{"name":"wp","href":"https:\/\/api.w.org\/{rel}","templated":true}]}}