{"id":2859,"date":"2025-11-03T21:55:14","date_gmt":"2025-11-03T21:55:14","guid":{"rendered":"https:\/\/senzorika.ajvonidol.si\/?post_type=product&#038;p=2859"},"modified":"2026-02-28T07:28:13","modified_gmt":"2026-02-28T07:28:13","slug":"nosilec","status":"publish","type":"product","link":"https:\/\/senzorika-varga.si\/en\/product\/nosilec\/","title":{"rendered":"Nosilec"},"content":{"rendered":"<p><!--StartFragment --><\/p>\n<p>Nosilec je zasnovan za <strong>enostavno namestitev na enojne, dvojne ali trojne TFH okvirje gugalnic<\/strong>. Pri ve\u010djih okvirjih nosilec zavzame prostor dveh mest. Omogo\u010da <strong>intenziven vestibularni senzori\u010dni vnos<\/strong>, ki spodbuja ravnote\u017eje, koordinacijo in <strong>senzorno integracijo<\/strong>. Obi\u010dajno guganje spremeni v dinami\u010dno vrtilno izku\u0161njo, primerno za terapevtsko ali doma\u010do uporabo.<\/p>\n<p>Okvir in <strong>gugalnica gnezdo<\/strong> nista vklju\u010dena v ceno in sta na fotografijah prikazana le za ponazoritev. Gugalnico gnezdo in okvir\u00a0 je treba dokupiti posebej.<\/p>\n<p><!--EndFragment --><\/p>","protected":false},"excerpt":{"rendered":"<p>Nosilec<\/p>","protected":false},"featured_media":8109,"menu_order":0,"comment_status":"open","ping_status":"closed","template":"","meta":[],"product_brand":[],"product_cat":[76,78,75,77],"product_tag":[],"class_list":{"0":"post-2859","1":"product","2":"type-product","3":"status-publish","4":"has-post-thumbnail","6":"product_cat-gugalnice","7":"product_cat-senzorna-integracija","8":"product_cat-vestibularni-pripomocki","9":"product_cat-vzmetenje","11":"first","12":"instock","13":"taxable","14":"shipping-taxable","15":"purchasable","16":"product-type-simple"},"jetpack_sharing_enabled":true,"_links":{"self":[{"href":"https:\/\/senzorika-varga.si\/en\/wp-json\/wp\/v2\/product\/2859","targetHints":{"allow":["GET"]}}],"collection":[{"href":"https:\/\/senzorika-varga.si\/en\/wp-json\/wp\/v2\/product"}],"about":[{"href":"https:\/\/senzorika-varga.si\/en\/wp-json\/wp\/v2\/types\/product"}],"replies":[{"embeddable":true,"href":"https:\/\/senzorika-varga.si\/en\/wp-json\/wp\/v2\/comments?post=2859"}],"version-history":[{"count":3,"href":"https:\/\/senzorika-varga.si\/en\/wp-json\/wp\/v2\/product\/2859\/revisions"}],"predecessor-version":[{"id":13558,"href":"https:\/\/senzorika-varga.si\/en\/wp-json\/wp\/v2\/product\/2859\/revisions\/13558"}],"wp:featuredmedia":[{"embeddable":true,"href":"https:\/\/senzorika-varga.si\/en\/wp-json\/wp\/v2\/media\/8109"}],"wp:attachment":[{"href":"https:\/\/senzorika-varga.si\/en\/wp-json\/wp\/v2\/media?parent=2859"}],"wp:term":[{"taxonomy":"product_brand","embeddable":true,"href":"https:\/\/senzorika-varga.si\/en\/wp-json\/wp\/v2\/product_brand?post=2859"},{"taxonomy":"product_cat","embeddable":true,"href":"https:\/\/senzorika-varga.si\/en\/wp-json\/wp\/v2\/product_cat?post=2859"},{"taxonomy":"product_tag","embeddable":true,"href":"https:\/\/senzorika-varga.si\/en\/wp-json\/wp\/v2\/product_tag?post=2859"}],"curies":[{"name":"wp","href":"https:\/\/api.w.org\/{rel}","templated":true}]}}