{"id":2847,"date":"2025-11-03T21:55:11","date_gmt":"2025-11-03T21:55:11","guid":{"rendered":"https:\/\/senzorika.ajvonidol.si\/?post_type=product&#038;p=2847"},"modified":"2025-12-31T08:33:38","modified_gmt":"2025-12-31T08:33:38","slug":"resonancna-blazina","status":"publish","type":"product","link":"https:\/\/senzorika-varga.si\/en\/product\/resonancna-blazina\/","title":{"rendered":"Resonan\u010dna blazina"},"content":{"rendered":"<div><!--block-->Ob\u010dutite svojo najljub\u0161o glasbo v sebi s to resonan\u010dno blazino!&nbsp;<\/p>\n<p>Glasba ima mo\u010d, da vpliva na na\u0161o emocijo in na\u0161e gibe. Glasba je lahko \u0161e mo\u010dnej\u0161a, saj lahko vpliva na na\u0161e zdravje, duha, celo na rast na\u0161ih dr\u017eav. Obi\u010dajno gledamo na glasbo kot na dobro terapijo z dodatno koristjo, da lahko glasbo ob\u010dutimo skozi svoje telo, kar lahko samo izbolj\u0161a izku\u0161njo.<\/p>\n<p>Glasbo, ki jo predvajate, je \u010dutite skozi blazino, tako da \u010de izberete glasbo z veliko basov, se to zelo \u010duti. \u010ce izberete glasbo z ni\u017ejimi frekvencami, se to tudi \u010duti, vendar boste morda morali prilagoditi glasnost v primerjavi z vibriranjem, da boste dobili individualno prilagojeno glasbeno izku\u0161njo.<\/p>\n<p>POMEMBNO! Da bo blazina delovala za vas, morate kupiti tudi oja\u010devalec &#8211; 9RSX in zvo\u010dnike &#8211; 9SPKR, ki jih najdete spodaj. Blazina je povezana z oja\u010devalcem, ki je prilagojen modremu zobu in zvo\u010dniki so prav tako povezani z oja\u010devalcem.<\/p>\n<p>Nato lahko izberete, ali \u017eelite veliko glasbenih vibracij v blazini in nizek hrup ali obratno. Upo\u0161tevajte, da to ni brez\u017ei\u010dni sistem, ampak ga je treba uporabljati blizu mesta, kjer ste se odlo\u010dili namestiti oja\u010devalnik. Igrajte s telefonom ali iPadom.<\/p>\n<p>Blazino lahko objemate kot na sliki ali jo polo\u017eite pod sede\u017eno vre\u010do, v fotelj ali posteljo.<\/p><\/div>","protected":false},"excerpt":{"rendered":"<p>Resonan\u010dna blazina<\/p>","protected":false},"featured_media":9170,"menu_order":0,"comment_status":"open","ping_status":"closed","template":"","meta":[],"product_brand":[],"product_cat":[94,96,130,98,88,95,92,125,100,99],"product_tag":[],"class_list":{"0":"post-2847","1":"product","2":"type-product","3":"status-publish","4":"has-post-thumbnail","6":"product_cat-ambient","7":"product_cat-masaza","8":"product_cat-mehki-predmeti","9":"product_cat-obcutek-telesa","10":"product_cat-pripomocki-za-sluh","11":"product_cat-propriocepcija","12":"product_cat-resonance","13":"product_cat-snoezelen","14":"product_cat-udobje","15":"product_cat-vibracije","17":"first","18":"instock","19":"taxable","20":"shipping-taxable","21":"purchasable","22":"product-type-simple"},"jetpack_sharing_enabled":true,"_links":{"self":[{"href":"https:\/\/senzorika-varga.si\/en\/wp-json\/wp\/v2\/product\/2847","targetHints":{"allow":["GET"]}}],"collection":[{"href":"https:\/\/senzorika-varga.si\/en\/wp-json\/wp\/v2\/product"}],"about":[{"href":"https:\/\/senzorika-varga.si\/en\/wp-json\/wp\/v2\/types\/product"}],"replies":[{"embeddable":true,"href":"https:\/\/senzorika-varga.si\/en\/wp-json\/wp\/v2\/comments?post=2847"}],"version-history":[{"count":1,"href":"https:\/\/senzorika-varga.si\/en\/wp-json\/wp\/v2\/product\/2847\/revisions"}],"predecessor-version":[{"id":2848,"href":"https:\/\/senzorika-varga.si\/en\/wp-json\/wp\/v2\/product\/2847\/revisions\/2848"}],"wp:featuredmedia":[{"embeddable":true,"href":"https:\/\/senzorika-varga.si\/en\/wp-json\/wp\/v2\/media\/9170"}],"wp:attachment":[{"href":"https:\/\/senzorika-varga.si\/en\/wp-json\/wp\/v2\/media?parent=2847"}],"wp:term":[{"taxonomy":"product_brand","embeddable":true,"href":"https:\/\/senzorika-varga.si\/en\/wp-json\/wp\/v2\/product_brand?post=2847"},{"taxonomy":"product_cat","embeddable":true,"href":"https:\/\/senzorika-varga.si\/en\/wp-json\/wp\/v2\/product_cat?post=2847"},{"taxonomy":"product_tag","embeddable":true,"href":"https:\/\/senzorika-varga.si\/en\/wp-json\/wp\/v2\/product_tag?post=2847"}],"curies":[{"name":"wp","href":"https:\/\/api.w.org\/{rel}","templated":true}]}}