{"id":2833,"date":"2025-11-03T21:55:10","date_gmt":"2025-11-03T21:55:10","guid":{"rendered":"https:\/\/senzorika.ajvonidol.si\/?post_type=product&#038;p=2833"},"modified":"2025-12-31T08:37:09","modified_gmt":"2025-12-31T08:37:09","slug":"vecta-delight","status":"publish","type":"product","link":"https:\/\/senzorika-varga.si\/en\/product\/vecta-delight\/","title":{"rendered":"Vecta Delight"},"content":{"rendered":"<p>Projektor SNAP, 3x SNAP kolesa, Interaktivni Stolp Hurricane, Brez\u017ei\u010dni sprejemnik, Kontrolni gumbi, Mini stikalo, Zenbow aroma pihalnik, 4 razli\u010dne arome, 100 opti\u010dnih vlaken, Hi-Fi in zvo\u010dniki.<\/p>","protected":false},"excerpt":{"rendered":"<p>Vecta Delight<\/p>","protected":false},"featured_media":9458,"menu_order":0,"comment_status":"open","ping_status":"closed","template":"","meta":[],"product_brand":[],"product_cat":[125,131],"product_tag":[],"class_list":{"0":"post-2833","1":"product","2":"type-product","3":"status-publish","4":"has-post-thumbnail","6":"product_cat-snoezelen","7":"product_cat-vecta-mse","9":"first","10":"instock","11":"taxable","12":"shipping-taxable","13":"purchasable","14":"product-type-simple"},"jetpack_sharing_enabled":true,"_links":{"self":[{"href":"https:\/\/senzorika-varga.si\/en\/wp-json\/wp\/v2\/product\/2833","targetHints":{"allow":["GET"]}}],"collection":[{"href":"https:\/\/senzorika-varga.si\/en\/wp-json\/wp\/v2\/product"}],"about":[{"href":"https:\/\/senzorika-varga.si\/en\/wp-json\/wp\/v2\/types\/product"}],"replies":[{"embeddable":true,"href":"https:\/\/senzorika-varga.si\/en\/wp-json\/wp\/v2\/comments?post=2833"}],"version-history":[{"count":1,"href":"https:\/\/senzorika-varga.si\/en\/wp-json\/wp\/v2\/product\/2833\/revisions"}],"predecessor-version":[{"id":2834,"href":"https:\/\/senzorika-varga.si\/en\/wp-json\/wp\/v2\/product\/2833\/revisions\/2834"}],"wp:featuredmedia":[{"embeddable":true,"href":"https:\/\/senzorika-varga.si\/en\/wp-json\/wp\/v2\/media\/9458"}],"wp:attachment":[{"href":"https:\/\/senzorika-varga.si\/en\/wp-json\/wp\/v2\/media?parent=2833"}],"wp:term":[{"taxonomy":"product_brand","embeddable":true,"href":"https:\/\/senzorika-varga.si\/en\/wp-json\/wp\/v2\/product_brand?post=2833"},{"taxonomy":"product_cat","embeddable":true,"href":"https:\/\/senzorika-varga.si\/en\/wp-json\/wp\/v2\/product_cat?post=2833"},{"taxonomy":"product_tag","embeddable":true,"href":"https:\/\/senzorika-varga.si\/en\/wp-json\/wp\/v2\/product_tag?post=2833"}],"curies":[{"name":"wp","href":"https:\/\/api.w.org\/{rel}","templated":true}]}}