{"id":2805,"date":"2025-11-03T21:55:06","date_gmt":"2025-11-03T21:55:06","guid":{"rendered":"https:\/\/senzorika.ajvonidol.si\/?post_type=product&#038;p=2805"},"modified":"2025-12-31T08:36:18","modified_gmt":"2025-12-31T08:36:18","slug":"etericna-olja-za-aromaterapijo-zacimbe","status":"publish","type":"product","link":"https:\/\/senzorika-varga.si\/en\/product\/etericna-olja-za-aromaterapijo-zacimbe\/","title":{"rendered":"Eteri\u010dna olja za aromaterapijo &#8211; Za\u010dimbe"},"content":{"rendered":"<p>Olja za aromaterapijo &#8211; Kuhinja: Ro\u017emarin, Ingver, Bazilika in Origano.<\/p>","protected":false},"excerpt":{"rendered":"<p>Eteri\u010dna olja za aromaterapijo &#8211; Za\u010dimbe<\/p>","protected":false},"featured_media":8375,"menu_order":0,"comment_status":"open","ping_status":"closed","template":"","meta":[],"product_brand":[],"product_cat":[90,127,88,125,109,107,131,126,128],"product_tag":[],"class_list":{"0":"post-2805","1":"product","2":"type-product","3":"status-publish","4":"has-post-thumbnail","6":"product_cat-aromaterapija","7":"product_cat-opticna-vlakna","8":"product_cat-pripomocki-za-sluh","9":"product_cat-snoezelen","10":"product_cat-sortiranje","11":"product_cat-spoznavanje","12":"product_cat-vecta-mse","13":"product_cat-vodne-postelje","14":"product_cat-vodni-stolpi","16":"first","17":"instock","18":"taxable","19":"shipping-taxable","20":"purchasable","21":"product-type-simple"},"jetpack_sharing_enabled":true,"_links":{"self":[{"href":"https:\/\/senzorika-varga.si\/en\/wp-json\/wp\/v2\/product\/2805","targetHints":{"allow":["GET"]}}],"collection":[{"href":"https:\/\/senzorika-varga.si\/en\/wp-json\/wp\/v2\/product"}],"about":[{"href":"https:\/\/senzorika-varga.si\/en\/wp-json\/wp\/v2\/types\/product"}],"replies":[{"embeddable":true,"href":"https:\/\/senzorika-varga.si\/en\/wp-json\/wp\/v2\/comments?post=2805"}],"version-history":[{"count":1,"href":"https:\/\/senzorika-varga.si\/en\/wp-json\/wp\/v2\/product\/2805\/revisions"}],"predecessor-version":[{"id":2806,"href":"https:\/\/senzorika-varga.si\/en\/wp-json\/wp\/v2\/product\/2805\/revisions\/2806"}],"wp:featuredmedia":[{"embeddable":true,"href":"https:\/\/senzorika-varga.si\/en\/wp-json\/wp\/v2\/media\/8375"}],"wp:attachment":[{"href":"https:\/\/senzorika-varga.si\/en\/wp-json\/wp\/v2\/media?parent=2805"}],"wp:term":[{"taxonomy":"product_brand","embeddable":true,"href":"https:\/\/senzorika-varga.si\/en\/wp-json\/wp\/v2\/product_brand?post=2805"},{"taxonomy":"product_cat","embeddable":true,"href":"https:\/\/senzorika-varga.si\/en\/wp-json\/wp\/v2\/product_cat?post=2805"},{"taxonomy":"product_tag","embeddable":true,"href":"https:\/\/senzorika-varga.si\/en\/wp-json\/wp\/v2\/product_tag?post=2805"}],"curies":[{"name":"wp","href":"https:\/\/api.w.org\/{rel}","templated":true}]}}