{"id":2775,"date":"2025-11-03T21:55:02","date_gmt":"2025-11-03T21:55:02","guid":{"rendered":"https:\/\/senzorika.ajvonidol.si\/?post_type=product&#038;p=2775"},"modified":"2025-12-31T08:33:28","modified_gmt":"2025-12-31T08:33:28","slug":"namizni-hurricane","status":"publish","type":"product","link":"https:\/\/senzorika-varga.si\/en\/product\/namizni-hurricane\/","title":{"rendered":"Namizni zra\u010dni stolp &#8211; Hurricane"},"content":{"rendered":"<div><!--block-->Zelo zanimiv, namizni stolp na zrak.<\/p>\n<p>Majhen priro\u010den zra\u010dni stolp, ki se popolnoma prilega v majhen prostor. Namesto vode so v cevi majhne bele kroglice, ki letajo po cevi. Stolp po\u010dasi samodejno spreminja barvo. Neverjetna interaktivna \u010dutna izku\u0161nja! Polo\u017eite roko na vrh cevi in \u200b\u200bopazujte, kako se \u017eogice potopijo na dno &#8211; umaknite roko, spet poletijo prosto &#8211; \u010darobno!<br \/>\n60 x 10 cm.<\/p>\n<p>\u010ce \u017eelite vklopiti s stikalom, lahko upravljate s tem (ni vklju\u010den) https:\/\/senzorika-varga.si\/vizualni-pripomo%C4%8Dki\/mini-stikalo.html.<\/p>\n<p>Ko stikalo pritisnete, se cev aktivira in ko spustite, se ustavi. Lepa dejavnost vzrok\/posledica.<\/p>\n<\/div>","protected":false},"excerpt":{"rendered":"<p>Namizni zra\u010dni stolp &#8211; Hurricane<\/p>","protected":false},"featured_media":5769,"menu_order":0,"comment_status":"open","ping_status":"closed","template":"","meta":[],"product_brand":[],"product_cat":[70,125,68,128],"product_tag":[],"class_list":{"0":"post-2775","1":"product","2":"type-product","3":"status-publish","4":"has-post-thumbnail","6":"product_cat-gledanje","7":"product_cat-snoezelen","8":"product_cat-vizualni-pripomocki","9":"product_cat-vodni-stolpi","11":"first","12":"instock","13":"taxable","14":"shipping-taxable","15":"purchasable","16":"product-type-simple"},"jetpack_sharing_enabled":true,"_links":{"self":[{"href":"https:\/\/senzorika-varga.si\/en\/wp-json\/wp\/v2\/product\/2775","targetHints":{"allow":["GET"]}}],"collection":[{"href":"https:\/\/senzorika-varga.si\/en\/wp-json\/wp\/v2\/product"}],"about":[{"href":"https:\/\/senzorika-varga.si\/en\/wp-json\/wp\/v2\/types\/product"}],"replies":[{"embeddable":true,"href":"https:\/\/senzorika-varga.si\/en\/wp-json\/wp\/v2\/comments?post=2775"}],"version-history":[{"count":3,"href":"https:\/\/senzorika-varga.si\/en\/wp-json\/wp\/v2\/product\/2775\/revisions"}],"predecessor-version":[{"id":9762,"href":"https:\/\/senzorika-varga.si\/en\/wp-json\/wp\/v2\/product\/2775\/revisions\/9762"}],"wp:featuredmedia":[{"embeddable":true,"href":"https:\/\/senzorika-varga.si\/en\/wp-json\/wp\/v2\/media\/5769"}],"wp:attachment":[{"href":"https:\/\/senzorika-varga.si\/en\/wp-json\/wp\/v2\/media?parent=2775"}],"wp:term":[{"taxonomy":"product_brand","embeddable":true,"href":"https:\/\/senzorika-varga.si\/en\/wp-json\/wp\/v2\/product_brand?post=2775"},{"taxonomy":"product_cat","embeddable":true,"href":"https:\/\/senzorika-varga.si\/en\/wp-json\/wp\/v2\/product_cat?post=2775"},{"taxonomy":"product_tag","embeddable":true,"href":"https:\/\/senzorika-varga.si\/en\/wp-json\/wp\/v2\/product_tag?post=2775"}],"curies":[{"name":"wp","href":"https:\/\/api.w.org\/{rel}","templated":true}]}}