{"id":2759,"date":"2025-11-03T21:55:02","date_gmt":"2025-11-03T21:55:02","guid":{"rendered":"https:\/\/senzorika.ajvonidol.si\/?post_type=product&#038;p=2759"},"modified":"2025-12-31T08:35:43","modified_gmt":"2025-12-31T08:35:43","slug":"infinity-vodna-stena-120","status":"publish","type":"product","link":"https:\/\/senzorika-varga.si\/en\/product\/infinity-vodna-stena-120\/","title":{"rendered":"Infinity Vodna stena 120"},"content":{"rendered":"<p>Vodna stena, kjer se mehur\u010dki mno\u017ei\u010dno ble\u0161\u010dijo, daje \u010dudovit ob\u010dutek globine.<\/p>","protected":false},"excerpt":{"rendered":"<p>Infinity Vodna stena 120<\/p>","protected":false},"featured_media":8494,"menu_order":0,"comment_status":"open","ping_status":"closed","template":"","meta":[],"product_brand":[],"product_cat":[71,70,125,68,128],"product_tag":[],"class_list":{"0":"post-2759","1":"product","2":"type-product","3":"status-publish","4":"has-post-thumbnail","6":"product_cat-barve","7":"product_cat-gledanje","8":"product_cat-snoezelen","9":"product_cat-vizualni-pripomocki","10":"product_cat-vodni-stolpi","12":"first","13":"instock","14":"taxable","15":"shipping-taxable","16":"purchasable","17":"product-type-simple"},"jetpack_sharing_enabled":true,"_links":{"self":[{"href":"https:\/\/senzorika-varga.si\/en\/wp-json\/wp\/v2\/product\/2759","targetHints":{"allow":["GET"]}}],"collection":[{"href":"https:\/\/senzorika-varga.si\/en\/wp-json\/wp\/v2\/product"}],"about":[{"href":"https:\/\/senzorika-varga.si\/en\/wp-json\/wp\/v2\/types\/product"}],"replies":[{"embeddable":true,"href":"https:\/\/senzorika-varga.si\/en\/wp-json\/wp\/v2\/comments?post=2759"}],"version-history":[{"count":1,"href":"https:\/\/senzorika-varga.si\/en\/wp-json\/wp\/v2\/product\/2759\/revisions"}],"predecessor-version":[{"id":2760,"href":"https:\/\/senzorika-varga.si\/en\/wp-json\/wp\/v2\/product\/2759\/revisions\/2760"}],"wp:featuredmedia":[{"embeddable":true,"href":"https:\/\/senzorika-varga.si\/en\/wp-json\/wp\/v2\/media\/8494"}],"wp:attachment":[{"href":"https:\/\/senzorika-varga.si\/en\/wp-json\/wp\/v2\/media?parent=2759"}],"wp:term":[{"taxonomy":"product_brand","embeddable":true,"href":"https:\/\/senzorika-varga.si\/en\/wp-json\/wp\/v2\/product_brand?post=2759"},{"taxonomy":"product_cat","embeddable":true,"href":"https:\/\/senzorika-varga.si\/en\/wp-json\/wp\/v2\/product_cat?post=2759"},{"taxonomy":"product_tag","embeddable":true,"href":"https:\/\/senzorika-varga.si\/en\/wp-json\/wp\/v2\/product_tag?post=2759"}],"curies":[{"name":"wp","href":"https:\/\/api.w.org\/{rel}","templated":true}]}}