{"id":2747,"date":"2025-11-03T21:54:59","date_gmt":"2025-11-03T21:54:59","guid":{"rendered":"https:\/\/senzorika.ajvonidol.si\/?post_type=product&#038;p=2747"},"modified":"2025-12-31T08:36:42","modified_gmt":"2025-12-31T08:36:42","slug":"resonance-cd","status":"publish","type":"product","link":"https:\/\/senzorika-varga.si\/en\/product\/resonance-cd\/","title":{"rendered":"Resonance CD"},"content":{"rendered":"<p>12 izvirnih skladb, ki naredijo resonan\u010dno glasbo zanimivo. 6 zna\u010dilnih \u017eanrov: Dance; Pop; Funk; Svetovne uspe\u0161nice; Klasi\u010dne in Melodika.<\/p>","protected":false},"excerpt":{"rendered":"<p>Resonance CD<\/p>","protected":false},"featured_media":9169,"menu_order":0,"comment_status":"open","ping_status":"closed","template":"","meta":[],"product_brand":[],"product_cat":[93,113,88,92,125,118],"product_tag":[],"class_list":{"0":"post-2747","1":"product","2":"type-product","3":"status-publish","4":"has-post-thumbnail","6":"product_cat-cd-dvd","7":"product_cat-komunikacija","8":"product_cat-pripomocki-za-sluh","9":"product_cat-resonance","10":"product_cat-snoezelen","11":"product_cat-zvcni-obcutki","13":"first","14":"instock","15":"taxable","16":"shipping-taxable","17":"purchasable","18":"product-type-simple"},"jetpack_sharing_enabled":true,"_links":{"self":[{"href":"https:\/\/senzorika-varga.si\/en\/wp-json\/wp\/v2\/product\/2747","targetHints":{"allow":["GET"]}}],"collection":[{"href":"https:\/\/senzorika-varga.si\/en\/wp-json\/wp\/v2\/product"}],"about":[{"href":"https:\/\/senzorika-varga.si\/en\/wp-json\/wp\/v2\/types\/product"}],"replies":[{"embeddable":true,"href":"https:\/\/senzorika-varga.si\/en\/wp-json\/wp\/v2\/comments?post=2747"}],"version-history":[{"count":1,"href":"https:\/\/senzorika-varga.si\/en\/wp-json\/wp\/v2\/product\/2747\/revisions"}],"predecessor-version":[{"id":2748,"href":"https:\/\/senzorika-varga.si\/en\/wp-json\/wp\/v2\/product\/2747\/revisions\/2748"}],"wp:featuredmedia":[{"embeddable":true,"href":"https:\/\/senzorika-varga.si\/en\/wp-json\/wp\/v2\/media\/9169"}],"wp:attachment":[{"href":"https:\/\/senzorika-varga.si\/en\/wp-json\/wp\/v2\/media?parent=2747"}],"wp:term":[{"taxonomy":"product_brand","embeddable":true,"href":"https:\/\/senzorika-varga.si\/en\/wp-json\/wp\/v2\/product_brand?post=2747"},{"taxonomy":"product_cat","embeddable":true,"href":"https:\/\/senzorika-varga.si\/en\/wp-json\/wp\/v2\/product_cat?post=2747"},{"taxonomy":"product_tag","embeddable":true,"href":"https:\/\/senzorika-varga.si\/en\/wp-json\/wp\/v2\/product_tag?post=2747"}],"curies":[{"name":"wp","href":"https:\/\/api.w.org\/{rel}","templated":true}]}}