{"id":2743,"date":"2025-11-03T21:54:58","date_gmt":"2025-11-03T21:54:58","guid":{"rendered":"https:\/\/senzorika.ajvonidol.si\/?post_type=product&#038;p=2743"},"modified":"2026-01-04T21:05:09","modified_gmt":"2026-01-04T21:05:09","slug":"brencalo-posnemipredvajaj","status":"publish","type":"product","link":"https:\/\/senzorika-varga.si\/en\/product\/brencalo-posnemipredvajaj\/","title":{"rendered":"Bren\u010dalo &#8211; Posnemi&#038;predvajaj"},"content":{"rendered":"<div><!--block-->4 bren\u010dala. Omogo\u010da enostavno snemanje 7 sekund svojega glasa, glasbe, sporo\u010dila ali drug zvok.<\/p>\n<p>Izjava gospe Mateje K.:<br \/>&#8220;Samo vam sporo\u010dam, da so stikala super. Ravno prave velikosti ter zelo privla\u010dnih in \u017eivahnih barv. Hvala.&#8221;<\/div>","protected":false},"excerpt":{"rendered":"<p>Bren\u010dalo &#8211; Posnemi&#038;predvajaj<\/p>","protected":false},"featured_media":5442,"menu_order":0,"comment_status":"open","ping_status":"closed","template":"","meta":[],"product_brand":[],"product_cat":[124,89,113,112,88,119,107,111,118],"product_tag":[],"class_list":{"0":"post-2743","1":"product","2":"type-product","3":"status-publish","4":"has-post-thumbnail","6":"product_cat-ciljanje","7":"product_cat-glasne-igrace","8":"product_cat-komunikacija","9":"product_cat-odzivnost-in-nagrajevanje","10":"product_cat-pripomocki-za-sluh","11":"product_cat-socializacija","12":"product_cat-spoznavanje","13":"product_cat-stikala","14":"product_cat-zvcni-obcutki","16":"first","17":"instock","18":"taxable","19":"shipping-taxable","20":"purchasable","21":"product-type-simple"},"jetpack_sharing_enabled":true,"_links":{"self":[{"href":"https:\/\/senzorika-varga.si\/en\/wp-json\/wp\/v2\/product\/2743","targetHints":{"allow":["GET"]}}],"collection":[{"href":"https:\/\/senzorika-varga.si\/en\/wp-json\/wp\/v2\/product"}],"about":[{"href":"https:\/\/senzorika-varga.si\/en\/wp-json\/wp\/v2\/types\/product"}],"replies":[{"embeddable":true,"href":"https:\/\/senzorika-varga.si\/en\/wp-json\/wp\/v2\/comments?post=2743"}],"version-history":[{"count":1,"href":"https:\/\/senzorika-varga.si\/en\/wp-json\/wp\/v2\/product\/2743\/revisions"}],"predecessor-version":[{"id":2744,"href":"https:\/\/senzorika-varga.si\/en\/wp-json\/wp\/v2\/product\/2743\/revisions\/2744"}],"wp:featuredmedia":[{"embeddable":true,"href":"https:\/\/senzorika-varga.si\/en\/wp-json\/wp\/v2\/media\/5442"}],"wp:attachment":[{"href":"https:\/\/senzorika-varga.si\/en\/wp-json\/wp\/v2\/media?parent=2743"}],"wp:term":[{"taxonomy":"product_brand","embeddable":true,"href":"https:\/\/senzorika-varga.si\/en\/wp-json\/wp\/v2\/product_brand?post=2743"},{"taxonomy":"product_cat","embeddable":true,"href":"https:\/\/senzorika-varga.si\/en\/wp-json\/wp\/v2\/product_cat?post=2743"},{"taxonomy":"product_tag","embeddable":true,"href":"https:\/\/senzorika-varga.si\/en\/wp-json\/wp\/v2\/product_tag?post=2743"}],"curies":[{"name":"wp","href":"https:\/\/api.w.org\/{rel}","templated":true}]}}