{"id":2701,"date":"2025-11-03T21:54:53","date_gmt":"2025-11-03T21:54:53","guid":{"rendered":"https:\/\/senzorika.ajvonidol.si\/?post_type=product&#038;p=2701"},"modified":"2026-01-04T21:09:06","modified_gmt":"2026-01-04T21:09:06","slug":"odstevalnik-casastoparica","status":"publish","type":"product","link":"https:\/\/senzorika-varga.si\/en\/product\/odstevalnik-casastoparica\/","title":{"rendered":"Od\u0161tevalnik \u010dasa\/\u0161toparica 19x19cm"},"content":{"rendered":"<div><!--block-->Jasno ka\u017ee prete\u010den \u010das (do 60 minut). Namesti se lahko na steno ali mizo.<\/p>\n<p>Popular Time Timer je odli\u010dno orodje za spremljanje \u010dasa. Oglejte si, kako se \u010das od\u0161teva (60 min). Lahko se pritrdi na magnetno podlago. Name\u0161\u010den na steno ali postavljen na mizo.<br \/>Deluje tiho in ima izklopljiv zvo\u010dni signal.<\/p>\n<p>Na baterije 2X AA baterije (niso vklju\u010dene)<\/div>","protected":false},"excerpt":{"rendered":"<p>Od\u0161tevalnik \u010dasa\/\u0161toparica 19x19cm<\/p>","protected":false},"featured_media":7395,"menu_order":0,"comment_status":"open","ping_status":"closed","template":"","meta":[],"product_brand":[],"product_cat":[108,112,107],"product_tag":[],"class_list":{"0":"post-2701","1":"product","2":"type-product","3":"status-publish","4":"has-post-thumbnail","6":"product_cat-grajenje","7":"product_cat-odzivnost-in-nagrajevanje","8":"product_cat-spoznavanje","10":"first","11":"instock","12":"taxable","13":"shipping-taxable","14":"purchasable","15":"product-type-simple"},"jetpack_sharing_enabled":true,"_links":{"self":[{"href":"https:\/\/senzorika-varga.si\/en\/wp-json\/wp\/v2\/product\/2701","targetHints":{"allow":["GET"]}}],"collection":[{"href":"https:\/\/senzorika-varga.si\/en\/wp-json\/wp\/v2\/product"}],"about":[{"href":"https:\/\/senzorika-varga.si\/en\/wp-json\/wp\/v2\/types\/product"}],"replies":[{"embeddable":true,"href":"https:\/\/senzorika-varga.si\/en\/wp-json\/wp\/v2\/comments?post=2701"}],"version-history":[{"count":1,"href":"https:\/\/senzorika-varga.si\/en\/wp-json\/wp\/v2\/product\/2701\/revisions"}],"predecessor-version":[{"id":2702,"href":"https:\/\/senzorika-varga.si\/en\/wp-json\/wp\/v2\/product\/2701\/revisions\/2702"}],"wp:featuredmedia":[{"embeddable":true,"href":"https:\/\/senzorika-varga.si\/en\/wp-json\/wp\/v2\/media\/7395"}],"wp:attachment":[{"href":"https:\/\/senzorika-varga.si\/en\/wp-json\/wp\/v2\/media?parent=2701"}],"wp:term":[{"taxonomy":"product_brand","embeddable":true,"href":"https:\/\/senzorika-varga.si\/en\/wp-json\/wp\/v2\/product_brand?post=2701"},{"taxonomy":"product_cat","embeddable":true,"href":"https:\/\/senzorika-varga.si\/en\/wp-json\/wp\/v2\/product_cat?post=2701"},{"taxonomy":"product_tag","embeddable":true,"href":"https:\/\/senzorika-varga.si\/en\/wp-json\/wp\/v2\/product_tag?post=2701"}],"curies":[{"name":"wp","href":"https:\/\/api.w.org\/{rel}","templated":true}]}}