{"id":2655,"date":"2025-11-03T21:54:47","date_gmt":"2025-11-03T21:54:47","guid":{"rendered":"https:\/\/senzorika.ajvonidol.si\/?post_type=product&#038;p=2655"},"modified":"2025-12-31T08:33:19","modified_gmt":"2025-12-31T08:33:19","slug":"nezlomljivo-ogledalo","status":"publish","type":"product","link":"https:\/\/senzorika-varga.si\/en\/product\/nezlomljivo-ogledalo\/","title":{"rendered":"Nezlomljivo ogledalo"},"content":{"rendered":"<p>Samostojno-stoje\u010de varno akrilno ogledalo. Veliki podstavek omogo\u010da, da se prilega na povr\u0161ino.<\/p>\n<div><span dir=\"auto\">Popolno je za spodbujanje samozavedanja, samorefleksije in komunikacije, saj prikazuje razli\u010dne perspektive obraza in izrazov.<\/span><\/div>\n<div><span dir=\"auto\">Ogledalo ni le trpe\u017eno, ampak je tudi\u00a0<\/span><strong><span dir=\"auto\">neuni\u010dljivo<\/span><\/strong><span dir=\"auto\">\u00a0, zaradi \u010desar je varno in vzdr\u017eljivo za uporabo v razli\u010dnih okoljih. Je prakti\u010den in zabaven pripomo\u010dek za spodbujanje motori\u010dnih sposobnosti, kognitivnih sposobnosti in komunikacije, tako za otroke kot za odrasle.<\/span><\/div>","protected":false},"excerpt":{"rendered":"<p>Nezlomljivo ogledalo<\/p>","protected":false},"featured_media":7159,"menu_order":0,"comment_status":"open","ping_status":"closed","template":"","meta":[],"product_brand":[],"product_cat":[70,69,68],"product_tag":[],"class_list":{"0":"post-2655","1":"product","2":"type-product","3":"status-publish","4":"has-post-thumbnail","6":"product_cat-gledanje","7":"product_cat-ogledala","8":"product_cat-vizualni-pripomocki","10":"first","11":"instock","12":"taxable","13":"shipping-taxable","14":"purchasable","15":"product-type-simple"},"jetpack_sharing_enabled":true,"_links":{"self":[{"href":"https:\/\/senzorika-varga.si\/en\/wp-json\/wp\/v2\/product\/2655","targetHints":{"allow":["GET"]}}],"collection":[{"href":"https:\/\/senzorika-varga.si\/en\/wp-json\/wp\/v2\/product"}],"about":[{"href":"https:\/\/senzorika-varga.si\/en\/wp-json\/wp\/v2\/types\/product"}],"replies":[{"embeddable":true,"href":"https:\/\/senzorika-varga.si\/en\/wp-json\/wp\/v2\/comments?post=2655"}],"version-history":[{"count":3,"href":"https:\/\/senzorika-varga.si\/en\/wp-json\/wp\/v2\/product\/2655\/revisions"}],"predecessor-version":[{"id":9698,"href":"https:\/\/senzorika-varga.si\/en\/wp-json\/wp\/v2\/product\/2655\/revisions\/9698"}],"wp:featuredmedia":[{"embeddable":true,"href":"https:\/\/senzorika-varga.si\/en\/wp-json\/wp\/v2\/media\/7159"}],"wp:attachment":[{"href":"https:\/\/senzorika-varga.si\/en\/wp-json\/wp\/v2\/media?parent=2655"}],"wp:term":[{"taxonomy":"product_brand","embeddable":true,"href":"https:\/\/senzorika-varga.si\/en\/wp-json\/wp\/v2\/product_brand?post=2655"},{"taxonomy":"product_cat","embeddable":true,"href":"https:\/\/senzorika-varga.si\/en\/wp-json\/wp\/v2\/product_cat?post=2655"},{"taxonomy":"product_tag","embeddable":true,"href":"https:\/\/senzorika-varga.si\/en\/wp-json\/wp\/v2\/product_tag?post=2655"}],"curies":[{"name":"wp","href":"https:\/\/api.w.org\/{rel}","templated":true}]}}