{"id":2643,"date":"2025-11-03T21:54:47","date_gmt":"2025-11-03T21:54:47","guid":{"rendered":"https:\/\/senzorika.ajvonidol.si\/?post_type=product&#038;p=2643"},"modified":"2025-12-31T08:33:35","modified_gmt":"2025-12-31T08:33:35","slug":"glasbeni-zvoncki","status":"publish","type":"product","link":"https:\/\/senzorika-varga.si\/en\/product\/glasbeni-zvoncki\/","title":{"rendered":"Glasbeni zvon\u010dki"},"content":{"rendered":"<p>Pod privla\u010dnimi gumbi je skritih 5 ugla\u0161enih zvon\u010dkov. Dotaknite se jih in sli\u0161ali boste zvoke. Lahko zaigrate tudi pesmice.<\/p>","protected":false},"excerpt":{"rendered":"<p>Glasbeni zvon\u010dki<\/p>","protected":false},"featured_media":5923,"menu_order":0,"comment_status":"open","ping_status":"closed","template":"","meta":[],"product_brand":[],"product_cat":[116,89,113,88],"product_tag":[],"class_list":{"0":"post-2643","1":"product","2":"type-product","3":"status-publish","4":"has-post-thumbnail","6":"product_cat-glasbeni-instrumenti","7":"product_cat-glasne-igrace","8":"product_cat-komunikacija","9":"product_cat-pripomocki-za-sluh","11":"first","12":"instock","13":"taxable","14":"shipping-taxable","15":"purchasable","16":"product-type-simple"},"jetpack_sharing_enabled":true,"_links":{"self":[{"href":"https:\/\/senzorika-varga.si\/en\/wp-json\/wp\/v2\/product\/2643","targetHints":{"allow":["GET"]}}],"collection":[{"href":"https:\/\/senzorika-varga.si\/en\/wp-json\/wp\/v2\/product"}],"about":[{"href":"https:\/\/senzorika-varga.si\/en\/wp-json\/wp\/v2\/types\/product"}],"replies":[{"embeddable":true,"href":"https:\/\/senzorika-varga.si\/en\/wp-json\/wp\/v2\/comments?post=2643"}],"version-history":[{"count":1,"href":"https:\/\/senzorika-varga.si\/en\/wp-json\/wp\/v2\/product\/2643\/revisions"}],"predecessor-version":[{"id":2644,"href":"https:\/\/senzorika-varga.si\/en\/wp-json\/wp\/v2\/product\/2643\/revisions\/2644"}],"wp:featuredmedia":[{"embeddable":true,"href":"https:\/\/senzorika-varga.si\/en\/wp-json\/wp\/v2\/media\/5923"}],"wp:attachment":[{"href":"https:\/\/senzorika-varga.si\/en\/wp-json\/wp\/v2\/media?parent=2643"}],"wp:term":[{"taxonomy":"product_brand","embeddable":true,"href":"https:\/\/senzorika-varga.si\/en\/wp-json\/wp\/v2\/product_brand?post=2643"},{"taxonomy":"product_cat","embeddable":true,"href":"https:\/\/senzorika-varga.si\/en\/wp-json\/wp\/v2\/product_cat?post=2643"},{"taxonomy":"product_tag","embeddable":true,"href":"https:\/\/senzorika-varga.si\/en\/wp-json\/wp\/v2\/product_tag?post=2643"}],"curies":[{"name":"wp","href":"https:\/\/api.w.org\/{rel}","templated":true}]}}