{"id":2639,"date":"2025-11-03T21:54:47","date_gmt":"2025-11-03T21:54:47","guid":{"rendered":"https:\/\/senzorika.ajvonidol.si\/?post_type=product&#038;p=2639"},"modified":"2025-12-31T08:33:38","modified_gmt":"2025-12-31T08:33:38","slug":"odmevna-komora","status":"publish","type":"product","link":"https:\/\/senzorika-varga.si\/en\/product\/odmevna-komora\/","title":{"rendered":"Odmevna komora"},"content":{"rendered":"<p><span dir=\"auto\">Sedenje na tej preprosti, pro\u017eni plo\u0161\u010dadi je priljubljeno, ker ustvari vbo\u010deno povr\u0161ino, po kateri se stvari kotalijo proti vam, in vsak hrup, ki ga povzro\u010di, odmeva skozi va\u0161e telo. \u010ce se ule\u017eete nanjo, bo odmeval tudi va\u0161 glas.<\/span><\/p>\n<p><span dir=\"auto\">Izdelana je iz brezove vezane plo\u0161\u010de in lakirana.<\/span><\/p>\n<p><span dir=\"auto\">\u010ci\u0161\u010denje: Uporabite toplo milnico na vla\u017eni krpi (ne namakajte).<\/span><\/p>","protected":false},"excerpt":{"rendered":"<p>Odmevna komora<\/p>","protected":false},"featured_media":9173,"menu_order":0,"comment_status":"open","ping_status":"closed","template":"","meta":[],"product_brand":[],"product_cat":[88,92,125],"product_tag":[],"class_list":{"0":"post-2639","1":"product","2":"type-product","3":"status-publish","4":"has-post-thumbnail","6":"product_cat-pripomocki-za-sluh","7":"product_cat-resonance","8":"product_cat-snoezelen","10":"first","11":"instock","12":"taxable","13":"shipping-taxable","14":"purchasable","15":"product-type-simple"},"jetpack_sharing_enabled":true,"_links":{"self":[{"href":"https:\/\/senzorika-varga.si\/en\/wp-json\/wp\/v2\/product\/2639","targetHints":{"allow":["GET"]}}],"collection":[{"href":"https:\/\/senzorika-varga.si\/en\/wp-json\/wp\/v2\/product"}],"about":[{"href":"https:\/\/senzorika-varga.si\/en\/wp-json\/wp\/v2\/types\/product"}],"replies":[{"embeddable":true,"href":"https:\/\/senzorika-varga.si\/en\/wp-json\/wp\/v2\/comments?post=2639"}],"version-history":[{"count":3,"href":"https:\/\/senzorika-varga.si\/en\/wp-json\/wp\/v2\/product\/2639\/revisions"}],"predecessor-version":[{"id":9793,"href":"https:\/\/senzorika-varga.si\/en\/wp-json\/wp\/v2\/product\/2639\/revisions\/9793"}],"wp:featuredmedia":[{"embeddable":true,"href":"https:\/\/senzorika-varga.si\/en\/wp-json\/wp\/v2\/media\/9173"}],"wp:attachment":[{"href":"https:\/\/senzorika-varga.si\/en\/wp-json\/wp\/v2\/media?parent=2639"}],"wp:term":[{"taxonomy":"product_brand","embeddable":true,"href":"https:\/\/senzorika-varga.si\/en\/wp-json\/wp\/v2\/product_brand?post=2639"},{"taxonomy":"product_cat","embeddable":true,"href":"https:\/\/senzorika-varga.si\/en\/wp-json\/wp\/v2\/product_cat?post=2639"},{"taxonomy":"product_tag","embeddable":true,"href":"https:\/\/senzorika-varga.si\/en\/wp-json\/wp\/v2\/product_tag?post=2639"}],"curies":[{"name":"wp","href":"https:\/\/api.w.org\/{rel}","templated":true}]}}