{"id":2611,"date":"2025-11-03T21:54:41","date_gmt":"2025-11-03T21:54:41","guid":{"rendered":"https:\/\/senzorika.ajvonidol.si\/?post_type=product&#038;p=2611"},"modified":"2025-12-31T08:33:31","modified_gmt":"2025-12-31T08:33:31","slug":"zvocni-koraki","status":"publish","type":"product","link":"https:\/\/senzorika-varga.si\/en\/product\/zvocni-koraki\/","title":{"rendered":"Zvo\u010dni koraki"},"content":{"rendered":"<div><!--block-->6 nedrse\u010dih diskov; <span dir=\"auto\">so zabaven na\u010din igre, ki hkrati razvija motori\u010dne sposobnosti. Odli\u010dne so za u\u010denje pravilnega ravnote\u017eja in zagotavljajo energi\u010dno igro.<\/span><\/div>\n<div>\n<span dir=\"auto\">Na\u0161e stopnice za trobento imajo 6 nedrse\u010dih diskov razli\u010dnih barv: oran\u017ene, vijoli\u010dne, rde\u010de, rumene, zelene in modre, 3 pa oddajajo zvoke, ko stopite nanje, kar zagotovo razvija slu\u0161no-senzori\u010dne potrebe. Odli\u010dna igra za ugotavljanje, kateri ima pravi zvok.<\/span><\/p>\n<p><span dir=\"auto\">Odli\u010dna stvar je, da pomagajo razvijati motori\u010dne sposobnosti, krepijo kosti in po potrebi omogo\u010dajo ve\u010dji nadzor nad telesom, poleg tega pa so tudi zabaven na\u010din igre z drugimi.<\/span><\/div>","protected":false},"excerpt":{"rendered":"<p>Zvo\u010dni koraki<\/p>","protected":false},"featured_media":7117,"menu_order":0,"comment_status":"open","ping_status":"closed","template":"","meta":[],"product_brand":[],"product_cat":[106,89,101,112,88,67,125,119,107,123,105],"product_tag":[],"class_list":{"0":"post-2611","1":"product","2":"type-product","3":"status-publish","4":"has-post-thumbnail","6":"product_cat-gibanje","7":"product_cat-glasne-igrace","8":"product_cat-motorika","9":"product_cat-odzivnost-in-nagrajevanje","10":"product_cat-pripomocki-za-sluh","11":"product_cat-ravnotezje","12":"product_cat-snoezelen","13":"product_cat-socializacija","14":"product_cat-spoznavanje","15":"product_cat-tekmovalne-igre","16":"product_cat-terapija","18":"first","19":"instock","20":"taxable","21":"shipping-taxable","22":"purchasable","23":"product-type-simple"},"jetpack_sharing_enabled":true,"_links":{"self":[{"href":"https:\/\/senzorika-varga.si\/en\/wp-json\/wp\/v2\/product\/2611","targetHints":{"allow":["GET"]}}],"collection":[{"href":"https:\/\/senzorika-varga.si\/en\/wp-json\/wp\/v2\/product"}],"about":[{"href":"https:\/\/senzorika-varga.si\/en\/wp-json\/wp\/v2\/types\/product"}],"replies":[{"embeddable":true,"href":"https:\/\/senzorika-varga.si\/en\/wp-json\/wp\/v2\/comments?post=2611"}],"version-history":[{"count":3,"href":"https:\/\/senzorika-varga.si\/en\/wp-json\/wp\/v2\/product\/2611\/revisions"}],"predecessor-version":[{"id":9801,"href":"https:\/\/senzorika-varga.si\/en\/wp-json\/wp\/v2\/product\/2611\/revisions\/9801"}],"wp:featuredmedia":[{"embeddable":true,"href":"https:\/\/senzorika-varga.si\/en\/wp-json\/wp\/v2\/media\/7117"}],"wp:attachment":[{"href":"https:\/\/senzorika-varga.si\/en\/wp-json\/wp\/v2\/media?parent=2611"}],"wp:term":[{"taxonomy":"product_brand","embeddable":true,"href":"https:\/\/senzorika-varga.si\/en\/wp-json\/wp\/v2\/product_brand?post=2611"},{"taxonomy":"product_cat","embeddable":true,"href":"https:\/\/senzorika-varga.si\/en\/wp-json\/wp\/v2\/product_cat?post=2611"},{"taxonomy":"product_tag","embeddable":true,"href":"https:\/\/senzorika-varga.si\/en\/wp-json\/wp\/v2\/product_tag?post=2611"}],"curies":[{"name":"wp","href":"https:\/\/api.w.org\/{rel}","templated":true}]}}