{"id":2609,"date":"2025-11-03T21:54:41","date_gmt":"2025-11-03T21:54:41","guid":{"rendered":"https:\/\/senzorika.ajvonidol.si\/?post_type=product&#038;p=2609"},"modified":"2025-12-31T08:36:32","modified_gmt":"2025-12-31T08:36:32","slug":"junior-terapevtski-stol","status":"publish","type":"product","link":"https:\/\/senzorika-varga.si\/en\/product\/junior-terapevtski-stol\/","title":{"rendered":"Junior Terapevtski stol"},"content":{"rendered":"<div><!--block-->Primerno za uporabnike do 125cm vi\u0161ine.&nbsp;<\/p>\n<p>V tem \u010dudovitem gugalnem stolu sedite varno in udobno!&nbsp;<\/p>\n<p>Popolnoma se prilega snoezelen sobi. Za ljudi z veliko fizi\u010dne in du\u0161evne tesnobe je ta gugalni stol res popoln. Lahko se vr\u017ee\u0161 vanj s polno mo\u010djo in se ziba\u0161 naprej in nazaj, naprej in nazaj, nato pa se usede\u0161 in sprosti\u0161.<\/p>\n<p>Primerno za okolja, ki zahtevajo vzdr\u017eljivo pohi\u0161tvo brez nevarnosti po\u0161kodb.<\/p>\n<p>Na\u0161 gugalni stol je izdelan iz pene s PU prevleko, ki je trpe\u017ena in jo je mogo\u010de obrisati. Popoln je v u\u010dilnici, dnevni sobi, sobi za misli ali dnevni sobi za alternativno sedenje. V\u010dasih se bolje skoncentriramo, \u010de se nam ponudijo razli\u010dni polo\u017eaji in mesta. Gugalnik pogosto uporabljamo kot dekoracijo v senzornih sobah.<\/p>\n<p>Terapevtski stol je izdelan po naro\u010dilu. Standardna barva je bela, mo\u017ena je tudi poljubna barva, a je dalj\u0161i dobavni rok.<\/p><\/div>","protected":false},"excerpt":{"rendered":"<p>Junior Terapevtski stol<\/p>","protected":false},"featured_media":7899,"menu_order":0,"comment_status":"open","ping_status":"closed","template":"","meta":[],"product_brand":[],"product_cat":[130,88,92,125],"product_tag":[],"class_list":{"0":"post-2609","1":"product","2":"type-product","3":"status-publish","4":"has-post-thumbnail","6":"product_cat-mehki-predmeti","7":"product_cat-pripomocki-za-sluh","8":"product_cat-resonance","9":"product_cat-snoezelen","11":"first","12":"instock","13":"taxable","14":"shipping-taxable","15":"purchasable","16":"product-type-simple"},"jetpack_sharing_enabled":true,"_links":{"self":[{"href":"https:\/\/senzorika-varga.si\/en\/wp-json\/wp\/v2\/product\/2609","targetHints":{"allow":["GET"]}}],"collection":[{"href":"https:\/\/senzorika-varga.si\/en\/wp-json\/wp\/v2\/product"}],"about":[{"href":"https:\/\/senzorika-varga.si\/en\/wp-json\/wp\/v2\/types\/product"}],"replies":[{"embeddable":true,"href":"https:\/\/senzorika-varga.si\/en\/wp-json\/wp\/v2\/comments?post=2609"}],"version-history":[{"count":1,"href":"https:\/\/senzorika-varga.si\/en\/wp-json\/wp\/v2\/product\/2609\/revisions"}],"predecessor-version":[{"id":2610,"href":"https:\/\/senzorika-varga.si\/en\/wp-json\/wp\/v2\/product\/2609\/revisions\/2610"}],"wp:featuredmedia":[{"embeddable":true,"href":"https:\/\/senzorika-varga.si\/en\/wp-json\/wp\/v2\/media\/7899"}],"wp:attachment":[{"href":"https:\/\/senzorika-varga.si\/en\/wp-json\/wp\/v2\/media?parent=2609"}],"wp:term":[{"taxonomy":"product_brand","embeddable":true,"href":"https:\/\/senzorika-varga.si\/en\/wp-json\/wp\/v2\/product_brand?post=2609"},{"taxonomy":"product_cat","embeddable":true,"href":"https:\/\/senzorika-varga.si\/en\/wp-json\/wp\/v2\/product_cat?post=2609"},{"taxonomy":"product_tag","embeddable":true,"href":"https:\/\/senzorika-varga.si\/en\/wp-json\/wp\/v2\/product_tag?post=2609"}],"curies":[{"name":"wp","href":"https:\/\/api.w.org\/{rel}","templated":true}]}}