{"id":2539,"date":"2025-11-03T21:54:31","date_gmt":"2025-11-03T21:54:31","guid":{"rendered":"https:\/\/senzorika.ajvonidol.si\/?post_type=product&#038;p=2539"},"modified":"2025-12-31T08:33:25","modified_gmt":"2025-12-31T08:33:25","slug":"budget-stolp-hurricane","status":"publish","type":"product","link":"https:\/\/senzorika-varga.si\/en\/product\/budget-stolp-hurricane\/","title":{"rendered":"Budget stolp Hurricane"},"content":{"rendered":"<div><!--block-->Interaktivni stolp brez vode (na zrak). Mo\u017enost reguliranja s stikalom (ni vklju\u010deno).<\/p>\n<p>Manj\u0161i zra\u010dni stolp. Podobno kot vodni stolp z mehur\u010dki, vendar brez vode. Poliestrske kroglice ple\u0161ejo naokoli s pomo\u010djo pihanja. Polo\u017eite roko na vrh in opazujte, kako se kroglice po\u010dasi spu\u0161\u010dajo navzdol. Ko umaknete roko, spet prosto letijo. \u010carovnija!<\/p>\n<p>OPOMBA: Pri tem stolpu ni mogo\u010de spreminjati barvo, se spreminjajo samodejno.<\/p><\/div>","protected":false},"excerpt":{"rendered":"<p>Budget stolp Hurricane<\/p>","protected":false},"featured_media":8697,"menu_order":0,"comment_status":"open","ping_status":"closed","template":"","meta":[],"product_brand":[],"product_cat":[70,125,68,128],"product_tag":[],"class_list":{"0":"post-2539","1":"product","2":"type-product","3":"status-publish","4":"has-post-thumbnail","6":"product_cat-gledanje","7":"product_cat-snoezelen","8":"product_cat-vizualni-pripomocki","9":"product_cat-vodni-stolpi","11":"first","12":"instock","13":"taxable","14":"shipping-taxable","15":"purchasable","16":"product-type-simple"},"jetpack_sharing_enabled":true,"_links":{"self":[{"href":"https:\/\/senzorika-varga.si\/en\/wp-json\/wp\/v2\/product\/2539","targetHints":{"allow":["GET"]}}],"collection":[{"href":"https:\/\/senzorika-varga.si\/en\/wp-json\/wp\/v2\/product"}],"about":[{"href":"https:\/\/senzorika-varga.si\/en\/wp-json\/wp\/v2\/types\/product"}],"replies":[{"embeddable":true,"href":"https:\/\/senzorika-varga.si\/en\/wp-json\/wp\/v2\/comments?post=2539"}],"version-history":[{"count":3,"href":"https:\/\/senzorika-varga.si\/en\/wp-json\/wp\/v2\/product\/2539\/revisions"}],"predecessor-version":[{"id":9760,"href":"https:\/\/senzorika-varga.si\/en\/wp-json\/wp\/v2\/product\/2539\/revisions\/9760"}],"wp:featuredmedia":[{"embeddable":true,"href":"https:\/\/senzorika-varga.si\/en\/wp-json\/wp\/v2\/media\/8697"}],"wp:attachment":[{"href":"https:\/\/senzorika-varga.si\/en\/wp-json\/wp\/v2\/media?parent=2539"}],"wp:term":[{"taxonomy":"product_brand","embeddable":true,"href":"https:\/\/senzorika-varga.si\/en\/wp-json\/wp\/v2\/product_brand?post=2539"},{"taxonomy":"product_cat","embeddable":true,"href":"https:\/\/senzorika-varga.si\/en\/wp-json\/wp\/v2\/product_cat?post=2539"},{"taxonomy":"product_tag","embeddable":true,"href":"https:\/\/senzorika-varga.si\/en\/wp-json\/wp\/v2\/product_tag?post=2539"}],"curies":[{"name":"wp","href":"https:\/\/api.w.org\/{rel}","templated":true}]}}