{"id":2469,"date":"2025-11-03T21:54:22","date_gmt":"2025-11-03T21:54:22","guid":{"rendered":"https:\/\/senzorika.ajvonidol.si\/?post_type=product&#038;p=2469"},"modified":"2025-12-31T08:34:05","modified_gmt":"2025-12-31T08:34:05","slug":"tezek-sal","status":"publish","type":"product","link":"https:\/\/senzorika-varga.si\/en\/product\/tezek-sal\/","title":{"rendered":"Te\u017eek \u0161al"},"content":{"rendered":"<div><!--block-->Ote\u017een \u0161al, ki pomirja s te\u017eo in pritiskom. Naj se sprosti v umirjenost, tako da si na ramena nadenete Te\u017eek \u0161al. Lahko tudi na stegna.<\/div>","protected":false},"excerpt":{"rendered":"<p>Te\u017eek \u0161al<\/p>","protected":false},"featured_media":9488,"menu_order":0,"comment_status":"open","ping_status":"closed","template":"","meta":[],"product_brand":[],"product_cat":[98,95,125,100],"product_tag":[],"class_list":{"0":"post-2469","1":"product","2":"type-product","3":"status-publish","4":"has-post-thumbnail","6":"product_cat-obcutek-telesa","7":"product_cat-propriocepcija","8":"product_cat-snoezelen","9":"product_cat-udobje","11":"first","12":"instock","13":"taxable","14":"shipping-taxable","15":"purchasable","16":"product-type-simple"},"jetpack_sharing_enabled":true,"_links":{"self":[{"href":"https:\/\/senzorika-varga.si\/en\/wp-json\/wp\/v2\/product\/2469","targetHints":{"allow":["GET"]}}],"collection":[{"href":"https:\/\/senzorika-varga.si\/en\/wp-json\/wp\/v2\/product"}],"about":[{"href":"https:\/\/senzorika-varga.si\/en\/wp-json\/wp\/v2\/types\/product"}],"replies":[{"embeddable":true,"href":"https:\/\/senzorika-varga.si\/en\/wp-json\/wp\/v2\/comments?post=2469"}],"version-history":[{"count":1,"href":"https:\/\/senzorika-varga.si\/en\/wp-json\/wp\/v2\/product\/2469\/revisions"}],"predecessor-version":[{"id":2470,"href":"https:\/\/senzorika-varga.si\/en\/wp-json\/wp\/v2\/product\/2469\/revisions\/2470"}],"wp:featuredmedia":[{"embeddable":true,"href":"https:\/\/senzorika-varga.si\/en\/wp-json\/wp\/v2\/media\/9488"}],"wp:attachment":[{"href":"https:\/\/senzorika-varga.si\/en\/wp-json\/wp\/v2\/media?parent=2469"}],"wp:term":[{"taxonomy":"product_brand","embeddable":true,"href":"https:\/\/senzorika-varga.si\/en\/wp-json\/wp\/v2\/product_brand?post=2469"},{"taxonomy":"product_cat","embeddable":true,"href":"https:\/\/senzorika-varga.si\/en\/wp-json\/wp\/v2\/product_cat?post=2469"},{"taxonomy":"product_tag","embeddable":true,"href":"https:\/\/senzorika-varga.si\/en\/wp-json\/wp\/v2\/product_tag?post=2469"}],"curies":[{"name":"wp","href":"https:\/\/api.w.org\/{rel}","templated":true}]}}