{"id":2403,"date":"2025-11-03T21:54:16","date_gmt":"2025-11-03T21:54:16","guid":{"rendered":"https:\/\/senzorika.ajvonidol.si\/?post_type=product&#038;p=2403"},"modified":"2026-01-04T21:16:57","modified_gmt":"2026-01-04T21:16:57","slug":"long-easy","status":"publish","type":"product","link":"https:\/\/senzorika-varga.si\/en\/product\/long-easy\/","title":{"rendered":"Varen le\u017ealnik"},"content":{"rendered":"<p>Zaradi trde pene je ta le\u017ealnik najljub\u0161i.<\/p>","protected":false},"excerpt":{"rendered":"<p>Varen le\u017ealnik<\/p>","protected":false},"featured_media":8554,"menu_order":0,"comment_status":"open","ping_status":"closed","template":"","meta":[],"product_brand":[],"product_cat":[130,98,95,125,100],"product_tag":[],"class_list":{"0":"post-2403","1":"product","2":"type-product","3":"status-publish","4":"has-post-thumbnail","6":"product_cat-mehki-predmeti","7":"product_cat-obcutek-telesa","8":"product_cat-propriocepcija","9":"product_cat-snoezelen","10":"product_cat-udobje","12":"first","13":"instock","14":"taxable","15":"shipping-taxable","16":"purchasable","17":"product-type-simple"},"jetpack_sharing_enabled":true,"_links":{"self":[{"href":"https:\/\/senzorika-varga.si\/en\/wp-json\/wp\/v2\/product\/2403","targetHints":{"allow":["GET"]}}],"collection":[{"href":"https:\/\/senzorika-varga.si\/en\/wp-json\/wp\/v2\/product"}],"about":[{"href":"https:\/\/senzorika-varga.si\/en\/wp-json\/wp\/v2\/types\/product"}],"replies":[{"embeddable":true,"href":"https:\/\/senzorika-varga.si\/en\/wp-json\/wp\/v2\/comments?post=2403"}],"version-history":[{"count":1,"href":"https:\/\/senzorika-varga.si\/en\/wp-json\/wp\/v2\/product\/2403\/revisions"}],"predecessor-version":[{"id":2404,"href":"https:\/\/senzorika-varga.si\/en\/wp-json\/wp\/v2\/product\/2403\/revisions\/2404"}],"wp:featuredmedia":[{"embeddable":true,"href":"https:\/\/senzorika-varga.si\/en\/wp-json\/wp\/v2\/media\/8554"}],"wp:attachment":[{"href":"https:\/\/senzorika-varga.si\/en\/wp-json\/wp\/v2\/media?parent=2403"}],"wp:term":[{"taxonomy":"product_brand","embeddable":true,"href":"https:\/\/senzorika-varga.si\/en\/wp-json\/wp\/v2\/product_brand?post=2403"},{"taxonomy":"product_cat","embeddable":true,"href":"https:\/\/senzorika-varga.si\/en\/wp-json\/wp\/v2\/product_cat?post=2403"},{"taxonomy":"product_tag","embeddable":true,"href":"https:\/\/senzorika-varga.si\/en\/wp-json\/wp\/v2\/product_tag?post=2403"}],"curies":[{"name":"wp","href":"https:\/\/api.w.org\/{rel}","templated":true}]}}