{"id":2393,"date":"2025-11-03T21:54:13","date_gmt":"2025-11-03T21:54:13","guid":{"rendered":"https:\/\/senzorika.ajvonidol.si\/?post_type=product&#038;p=2393"},"modified":"2026-01-04T21:15:33","modified_gmt":"2026-01-04T21:15:33","slug":"mse-za-zacetnike","status":"publish","type":"product","link":"https:\/\/senzorika-varga.si\/en\/product\/mse-za-zacetnike\/","title":{"rendered":"MSE za za\u010detnike"},"content":{"rendered":"<p>Disko \u017eoga, Vrtilnik disko \u017eoge, \u017dele,  Zvezdna mre\u017ea, Resonan\u010dni \u017eakelj, Masa\u017ena blazina, Prevleka za masa\u017eno blazino, Zvo\u010dna Aroma SPA, 1,2m Vodni stolp, SNAP Projektor, 3x SNAP kolesa, Vrte\u010da lu\u010dka, 100 opti\u010dnih vlaken, Vir svetlobe za opti\u010dna vlakna, Bick Mack odzivno stikalo, Mno\u017ei\u010dno ogledalo, Stikalo \u017eoga, Kontrolna \u0161katla<\/p>","protected":false},"excerpt":{"rendered":"<p>MSE za za\u010detnike<\/p>","protected":false},"featured_media":8783,"menu_order":0,"comment_status":"open","ping_status":"closed","template":"","meta":[],"product_brand":[],"product_cat":[125,131],"product_tag":[],"class_list":{"0":"post-2393","1":"product","2":"type-product","3":"status-publish","4":"has-post-thumbnail","6":"product_cat-snoezelen","7":"product_cat-vecta-mse","9":"first","10":"instock","11":"taxable","12":"shipping-taxable","13":"purchasable","14":"product-type-simple"},"jetpack_sharing_enabled":true,"_links":{"self":[{"href":"https:\/\/senzorika-varga.si\/en\/wp-json\/wp\/v2\/product\/2393","targetHints":{"allow":["GET"]}}],"collection":[{"href":"https:\/\/senzorika-varga.si\/en\/wp-json\/wp\/v2\/product"}],"about":[{"href":"https:\/\/senzorika-varga.si\/en\/wp-json\/wp\/v2\/types\/product"}],"replies":[{"embeddable":true,"href":"https:\/\/senzorika-varga.si\/en\/wp-json\/wp\/v2\/comments?post=2393"}],"version-history":[{"count":1,"href":"https:\/\/senzorika-varga.si\/en\/wp-json\/wp\/v2\/product\/2393\/revisions"}],"predecessor-version":[{"id":2394,"href":"https:\/\/senzorika-varga.si\/en\/wp-json\/wp\/v2\/product\/2393\/revisions\/2394"}],"wp:featuredmedia":[{"embeddable":true,"href":"https:\/\/senzorika-varga.si\/en\/wp-json\/wp\/v2\/media\/8783"}],"wp:attachment":[{"href":"https:\/\/senzorika-varga.si\/en\/wp-json\/wp\/v2\/media?parent=2393"}],"wp:term":[{"taxonomy":"product_brand","embeddable":true,"href":"https:\/\/senzorika-varga.si\/en\/wp-json\/wp\/v2\/product_brand?post=2393"},{"taxonomy":"product_cat","embeddable":true,"href":"https:\/\/senzorika-varga.si\/en\/wp-json\/wp\/v2\/product_cat?post=2393"},{"taxonomy":"product_tag","embeddable":true,"href":"https:\/\/senzorika-varga.si\/en\/wp-json\/wp\/v2\/product_tag?post=2393"}],"curies":[{"name":"wp","href":"https:\/\/api.w.org\/{rel}","templated":true}]}}