{"id":2379,"date":"2025-11-03T21:54:13","date_gmt":"2025-11-03T21:54:13","guid":{"rendered":"https:\/\/senzorika.ajvonidol.si\/?post_type=product&#038;p=2379"},"modified":"2025-12-31T08:35:00","modified_gmt":"2025-12-31T08:35:00","slug":"slikarsko-stojalo","status":"publish","type":"product","link":"https:\/\/senzorika-varga.si\/en\/product\/slikarsko-stojalo\/","title":{"rendered":"Slikarsko stojalo"},"content":{"rendered":"<div><!--block-->Trpe\u017eno, prozorno pleksi steklo, enostavno za \u010di\u0161\u010denje, na stabilizacijskih nogah. Preprosto prenesite zanimive ideje. Dvostransko stojalo omogo\u010da dvema umetnikoma, da hkrati zdru\u017eita svoje talente. Flomastri se naro\u010dijo posebej.<\/div>","protected":false},"excerpt":{"rendered":"<p>Slikarsko stojalo<\/p>","protected":false},"featured_media":6272,"menu_order":0,"comment_status":"open","ping_status":"closed","template":"","meta":[],"product_brand":[],"product_cat":[113,114],"product_tag":[],"class_list":{"0":"post-2379","1":"product","2":"type-product","3":"status-publish","4":"has-post-thumbnail","6":"product_cat-komunikacija","7":"product_cat-umetnost","9":"first","10":"instock","11":"taxable","12":"shipping-taxable","13":"purchasable","14":"product-type-simple"},"jetpack_sharing_enabled":true,"_links":{"self":[{"href":"https:\/\/senzorika-varga.si\/en\/wp-json\/wp\/v2\/product\/2379","targetHints":{"allow":["GET"]}}],"collection":[{"href":"https:\/\/senzorika-varga.si\/en\/wp-json\/wp\/v2\/product"}],"about":[{"href":"https:\/\/senzorika-varga.si\/en\/wp-json\/wp\/v2\/types\/product"}],"replies":[{"embeddable":true,"href":"https:\/\/senzorika-varga.si\/en\/wp-json\/wp\/v2\/comments?post=2379"}],"version-history":[{"count":1,"href":"https:\/\/senzorika-varga.si\/en\/wp-json\/wp\/v2\/product\/2379\/revisions"}],"predecessor-version":[{"id":2380,"href":"https:\/\/senzorika-varga.si\/en\/wp-json\/wp\/v2\/product\/2379\/revisions\/2380"}],"wp:featuredmedia":[{"embeddable":true,"href":"https:\/\/senzorika-varga.si\/en\/wp-json\/wp\/v2\/media\/6272"}],"wp:attachment":[{"href":"https:\/\/senzorika-varga.si\/en\/wp-json\/wp\/v2\/media?parent=2379"}],"wp:term":[{"taxonomy":"product_brand","embeddable":true,"href":"https:\/\/senzorika-varga.si\/en\/wp-json\/wp\/v2\/product_brand?post=2379"},{"taxonomy":"product_cat","embeddable":true,"href":"https:\/\/senzorika-varga.si\/en\/wp-json\/wp\/v2\/product_cat?post=2379"},{"taxonomy":"product_tag","embeddable":true,"href":"https:\/\/senzorika-varga.si\/en\/wp-json\/wp\/v2\/product_tag?post=2379"}],"curies":[{"name":"wp","href":"https:\/\/api.w.org\/{rel}","templated":true}]}}