{"id":2367,"date":"2025-11-03T21:54:10","date_gmt":"2025-11-03T21:54:10","guid":{"rendered":"https:\/\/senzorika.ajvonidol.si\/?post_type=product&#038;p=2367"},"modified":"2026-01-04T21:17:26","modified_gmt":"2026-01-04T21:17:26","slug":"zavesa-iz-opticnih-vlaken","status":"publish","type":"product","link":"https:\/\/senzorika-varga.si\/en\/product\/zavesa-iz-opticnih-vlaken\/","title":{"rendered":"Zavesa iz opti\u010dnih vlaken"},"content":{"rendered":"<p>Pritrjevanje na strop. Vklju\u010duje vir svetlobe in verigo za obe\u0161anje.<\/p>","protected":false},"excerpt":{"rendered":"<p>Zavesa iz opti\u010dnih vlaken<\/p>","protected":false},"featured_media":9495,"menu_order":0,"comment_status":"open","ping_status":"closed","template":"","meta":[],"product_brand":[],"product_cat":[127,125],"product_tag":[],"class_list":{"0":"post-2367","1":"product","2":"type-product","3":"status-publish","4":"has-post-thumbnail","6":"product_cat-opticna-vlakna","7":"product_cat-snoezelen","9":"first","10":"instock","11":"taxable","12":"shipping-taxable","13":"purchasable","14":"product-type-simple"},"jetpack_sharing_enabled":true,"_links":{"self":[{"href":"https:\/\/senzorika-varga.si\/en\/wp-json\/wp\/v2\/product\/2367","targetHints":{"allow":["GET"]}}],"collection":[{"href":"https:\/\/senzorika-varga.si\/en\/wp-json\/wp\/v2\/product"}],"about":[{"href":"https:\/\/senzorika-varga.si\/en\/wp-json\/wp\/v2\/types\/product"}],"replies":[{"embeddable":true,"href":"https:\/\/senzorika-varga.si\/en\/wp-json\/wp\/v2\/comments?post=2367"}],"version-history":[{"count":1,"href":"https:\/\/senzorika-varga.si\/en\/wp-json\/wp\/v2\/product\/2367\/revisions"}],"predecessor-version":[{"id":2368,"href":"https:\/\/senzorika-varga.si\/en\/wp-json\/wp\/v2\/product\/2367\/revisions\/2368"}],"wp:featuredmedia":[{"embeddable":true,"href":"https:\/\/senzorika-varga.si\/en\/wp-json\/wp\/v2\/media\/9495"}],"wp:attachment":[{"href":"https:\/\/senzorika-varga.si\/en\/wp-json\/wp\/v2\/media?parent=2367"}],"wp:term":[{"taxonomy":"product_brand","embeddable":true,"href":"https:\/\/senzorika-varga.si\/en\/wp-json\/wp\/v2\/product_brand?post=2367"},{"taxonomy":"product_cat","embeddable":true,"href":"https:\/\/senzorika-varga.si\/en\/wp-json\/wp\/v2\/product_cat?post=2367"},{"taxonomy":"product_tag","embeddable":true,"href":"https:\/\/senzorika-varga.si\/en\/wp-json\/wp\/v2\/product_tag?post=2367"}],"curies":[{"name":"wp","href":"https:\/\/api.w.org\/{rel}","templated":true}]}}