{"id":2341,"date":"2025-11-03T21:54:08","date_gmt":"2025-11-03T21:54:08","guid":{"rendered":"https:\/\/senzorika.ajvonidol.si\/?post_type=product&#038;p=2341"},"modified":"2025-12-31T08:36:35","modified_gmt":"2025-12-31T08:36:35","slug":"resonancni-zakelj","status":"publish","type":"product","link":"https:\/\/senzorika-varga.si\/en\/product\/resonancni-zakelj\/","title":{"rendered":"Resonan\u010dni \u017eakelj"},"content":{"rendered":"<p><span dir=\"auto\">Pomaga pri razvoju u\u010dnih ve\u0161\u010din, vklju\u010dno z: slu\u0161nimi spretnostmi.<\/span><br \/>\n<span dir=\"auto\">\u00a0 \u00a0 \u00a0 \u00a0 <\/span><\/p>\n<p><span dir=\"auto\">Posebej primerno za posebne potrebe, kot so: avtizem, Aspergerjev sindrom.<\/span><\/p>\n<p><span dir=\"auto\">Poleg ob\u010dutka udobja lahko glasbena resonanca pomaga tudi pri pove\u010danju zavedanja razli\u010dnih delov telesa. Uporabniki lahko le\u017eijo s celim telesom na vre\u010di za sedenje ali eksperimentirajo z rokami, dlanmi, nogami in stopali, da odkrijejo, kako glasba vzbuja ob\u010dutke skozi fizi\u010dne zaznave.<\/span><\/p>\n<p><span dir=\"auto\">Kot neverbalna oblika komunikacije ima lahko glasba klju\u010dno vlogo tako pri terapiji kot pri igri. Dostopna je vsem in celo ljudje z okvaro sluha lahko koristijo fizi\u010dnim vibracijam, ki jih ustvarja resonanca.<\/span><\/p>\n<p><span dir=\"auto\">Vre\u010dka za sedenje Resonance podjetja TFH je odli\u010dna za uvajanje mal\u010dkov v koncept resonance \u2013 njena mehka zunanjost se oblikuje okoli uporabnika in tvori udobno &#8220;gnezdo&#8221;, kjer se lahko ule\u017eejo in u\u017eivajo v ob\u010dutku ritma globoko v telesu.<\/span><br \/>\n<span dir=\"auto\">Idealna za vrsto uporab, vklju\u010dno s pomirjanjem tesnobnih otrok, pa tudi ljudi z razli\u010dnimi motnjami avtisti\u010dnega spektra ali spodbujanjem \u010duta dotika, da se otroci spodbudijo k raziskovanju lastnega telesa.<\/span><\/p>\n<p><span dir=\"auto\">Potreben je Oja\u010devalec 9RSX, \u0161e bolj\u0161e z zvo\u010dniki 9RSPK.<\/span><\/p>\n<p><span dir=\"auto\">Opremljen je z varnostnim izklopom in je zasnovan tako, da deluje in prepre\u010duje pregrevanje enote. Izdelki Resonance najbolje delujejo z glasbo z dobrimi basi kot s spro\u0161\u010dujo\u010do glasbo, poskusite na\u0161 Resonance CD 9RSCD.<\/span><\/p>\n<p><strong><span dir=\"auto\">Na voljo je v \u0161tevilnih barvah.<\/span><\/strong><\/p>","protected":false},"excerpt":{"rendered":"<p>Resonan\u010dni \u017eakelj<\/p>","protected":false},"featured_media":9163,"menu_order":0,"comment_status":"open","ping_status":"closed","template":"","meta":[],"product_brand":[],"product_cat":[130,98,88,95,92,125,100],"product_tag":[],"class_list":{"0":"post-2341","1":"product","2":"type-product","3":"status-publish","4":"has-post-thumbnail","6":"product_cat-mehki-predmeti","7":"product_cat-obcutek-telesa","8":"product_cat-pripomocki-za-sluh","9":"product_cat-propriocepcija","10":"product_cat-resonance","11":"product_cat-snoezelen","12":"product_cat-udobje","14":"first","15":"instock","16":"taxable","17":"shipping-taxable","18":"purchasable","19":"product-type-simple"},"jetpack_sharing_enabled":true,"_links":{"self":[{"href":"https:\/\/senzorika-varga.si\/en\/wp-json\/wp\/v2\/product\/2341","targetHints":{"allow":["GET"]}}],"collection":[{"href":"https:\/\/senzorika-varga.si\/en\/wp-json\/wp\/v2\/product"}],"about":[{"href":"https:\/\/senzorika-varga.si\/en\/wp-json\/wp\/v2\/types\/product"}],"replies":[{"embeddable":true,"href":"https:\/\/senzorika-varga.si\/en\/wp-json\/wp\/v2\/comments?post=2341"}],"version-history":[{"count":3,"href":"https:\/\/senzorika-varga.si\/en\/wp-json\/wp\/v2\/product\/2341\/revisions"}],"predecessor-version":[{"id":9795,"href":"https:\/\/senzorika-varga.si\/en\/wp-json\/wp\/v2\/product\/2341\/revisions\/9795"}],"wp:featuredmedia":[{"embeddable":true,"href":"https:\/\/senzorika-varga.si\/en\/wp-json\/wp\/v2\/media\/9163"}],"wp:attachment":[{"href":"https:\/\/senzorika-varga.si\/en\/wp-json\/wp\/v2\/media?parent=2341"}],"wp:term":[{"taxonomy":"product_brand","embeddable":true,"href":"https:\/\/senzorika-varga.si\/en\/wp-json\/wp\/v2\/product_brand?post=2341"},{"taxonomy":"product_cat","embeddable":true,"href":"https:\/\/senzorika-varga.si\/en\/wp-json\/wp\/v2\/product_cat?post=2341"},{"taxonomy":"product_tag","embeddable":true,"href":"https:\/\/senzorika-varga.si\/en\/wp-json\/wp\/v2\/product_tag?post=2341"}],"curies":[{"name":"wp","href":"https:\/\/api.w.org\/{rel}","templated":true}]}}