{"id":2325,"date":"2025-11-03T21:54:06","date_gmt":"2025-11-03T21:54:06","guid":{"rendered":"https:\/\/senzorika.ajvonidol.si\/?post_type=product&#038;p=2325"},"modified":"2026-01-04T21:18:05","modified_gmt":"2026-01-04T21:18:05","slug":"flourescentni-obracalnik","status":"publish","type":"product","link":"https:\/\/senzorika-varga.si\/en\/product\/flourescentni-obracalnik\/","title":{"rendered":"Flourescentni obra\u010dalnik"},"content":{"rendered":"<p>Vsaka cev vsebuje majhne kroglice razli\u010dnih barv, ki \u017earijo pod UV svetlobo. Cevi so name\u0161\u010dene na trpe\u017eno leseno stojalo.<\/p>","protected":false},"excerpt":{"rendered":"<p>Flourescentni obra\u010dalnik<\/p>","protected":false},"featured_media":6822,"menu_order":0,"comment_status":"open","ping_status":"closed","template":"","meta":[],"product_brand":[],"product_cat":[72,68],"product_tag":[],"class_list":{"0":"post-2325","1":"product","2":"type-product","3":"status-publish","4":"has-post-thumbnail","6":"product_cat-uv","7":"product_cat-vizualni-pripomocki","9":"first","10":"instock","11":"taxable","12":"shipping-taxable","13":"purchasable","14":"product-type-simple"},"jetpack_sharing_enabled":true,"_links":{"self":[{"href":"https:\/\/senzorika-varga.si\/en\/wp-json\/wp\/v2\/product\/2325","targetHints":{"allow":["GET"]}}],"collection":[{"href":"https:\/\/senzorika-varga.si\/en\/wp-json\/wp\/v2\/product"}],"about":[{"href":"https:\/\/senzorika-varga.si\/en\/wp-json\/wp\/v2\/types\/product"}],"replies":[{"embeddable":true,"href":"https:\/\/senzorika-varga.si\/en\/wp-json\/wp\/v2\/comments?post=2325"}],"version-history":[{"count":1,"href":"https:\/\/senzorika-varga.si\/en\/wp-json\/wp\/v2\/product\/2325\/revisions"}],"predecessor-version":[{"id":2326,"href":"https:\/\/senzorika-varga.si\/en\/wp-json\/wp\/v2\/product\/2325\/revisions\/2326"}],"wp:featuredmedia":[{"embeddable":true,"href":"https:\/\/senzorika-varga.si\/en\/wp-json\/wp\/v2\/media\/6822"}],"wp:attachment":[{"href":"https:\/\/senzorika-varga.si\/en\/wp-json\/wp\/v2\/media?parent=2325"}],"wp:term":[{"taxonomy":"product_brand","embeddable":true,"href":"https:\/\/senzorika-varga.si\/en\/wp-json\/wp\/v2\/product_brand?post=2325"},{"taxonomy":"product_cat","embeddable":true,"href":"https:\/\/senzorika-varga.si\/en\/wp-json\/wp\/v2\/product_cat?post=2325"},{"taxonomy":"product_tag","embeddable":true,"href":"https:\/\/senzorika-varga.si\/en\/wp-json\/wp\/v2\/product_tag?post=2325"}],"curies":[{"name":"wp","href":"https:\/\/api.w.org\/{rel}","templated":true}]}}