{"id":2321,"date":"2025-11-03T21:54:06","date_gmt":"2025-11-03T21:54:06","guid":{"rendered":"https:\/\/senzorika.ajvonidol.si\/?post_type=product&#038;p=2321"},"modified":"2025-12-31T08:36:52","modified_gmt":"2025-12-31T08:36:52","slug":"okvir-luna","status":"publish","type":"product","link":"https:\/\/senzorika-varga.si\/en\/product\/okvir-luna\/","title":{"rendered":"Okvir Luna"},"content":{"rendered":"<div><!--block-->Enostavno sestavljiva vzmetna to\u010dka za vise\u010de mre\u017ee in druge manj zahtevne gugalnice.&nbsp;<br \/>Po vi\u0161ini nastavljiv okvir. Samo za notranjo uporabo. Samo okvir &#8211; sede\u017e se prodaja lo\u010deno.<\/div>","protected":false},"excerpt":{"rendered":"<p>Okvir Luna<\/p>","protected":false},"featured_media":7807,"menu_order":0,"comment_status":"open","ping_status":"closed","template":"","meta":[],"product_brand":[],"product_cat":[76,78,125,131,75,77],"product_tag":[],"class_list":{"0":"post-2321","1":"product","2":"type-product","3":"status-publish","4":"has-post-thumbnail","6":"product_cat-gugalnice","7":"product_cat-senzorna-integracija","8":"product_cat-snoezelen","9":"product_cat-vecta-mse","10":"product_cat-vestibularni-pripomocki","11":"product_cat-vzmetenje","13":"first","14":"instock","15":"taxable","16":"shipping-taxable","17":"purchasable","18":"product-type-simple"},"jetpack_sharing_enabled":true,"_links":{"self":[{"href":"https:\/\/senzorika-varga.si\/en\/wp-json\/wp\/v2\/product\/2321","targetHints":{"allow":["GET"]}}],"collection":[{"href":"https:\/\/senzorika-varga.si\/en\/wp-json\/wp\/v2\/product"}],"about":[{"href":"https:\/\/senzorika-varga.si\/en\/wp-json\/wp\/v2\/types\/product"}],"replies":[{"embeddable":true,"href":"https:\/\/senzorika-varga.si\/en\/wp-json\/wp\/v2\/comments?post=2321"}],"version-history":[{"count":1,"href":"https:\/\/senzorika-varga.si\/en\/wp-json\/wp\/v2\/product\/2321\/revisions"}],"predecessor-version":[{"id":2322,"href":"https:\/\/senzorika-varga.si\/en\/wp-json\/wp\/v2\/product\/2321\/revisions\/2322"}],"wp:featuredmedia":[{"embeddable":true,"href":"https:\/\/senzorika-varga.si\/en\/wp-json\/wp\/v2\/media\/7807"}],"wp:attachment":[{"href":"https:\/\/senzorika-varga.si\/en\/wp-json\/wp\/v2\/media?parent=2321"}],"wp:term":[{"taxonomy":"product_brand","embeddable":true,"href":"https:\/\/senzorika-varga.si\/en\/wp-json\/wp\/v2\/product_brand?post=2321"},{"taxonomy":"product_cat","embeddable":true,"href":"https:\/\/senzorika-varga.si\/en\/wp-json\/wp\/v2\/product_cat?post=2321"},{"taxonomy":"product_tag","embeddable":true,"href":"https:\/\/senzorika-varga.si\/en\/wp-json\/wp\/v2\/product_tag?post=2321"}],"curies":[{"name":"wp","href":"https:\/\/api.w.org\/{rel}","templated":true}]}}