{"id":2261,"date":"2025-11-03T21:53:59","date_gmt":"2025-11-03T21:53:59","guid":{"rendered":"https:\/\/senzorika.ajvonidol.si\/?post_type=product&#038;p=2261"},"modified":"2025-12-31T08:34:09","modified_gmt":"2025-12-31T08:34:09","slug":"gugalnica-z-en1176-certifikatom","status":"publish","type":"product","link":"https:\/\/senzorika-varga.si\/en\/product\/gugalnica-z-en1176-certifikatom\/","title":{"rendered":"Enojni okvir za gugalnico s EN1176 certifikatom (le okvir)"},"content":{"rendered":"<div><!--block-->EN1176 certifikat<br \/>Idealna za uporabo v \u0161olah, bolni\u0161nicah, domovih za ostarele in drugih institucionalnih okoljih. Ker gugalnice ne vzdr\u017eijo vandalizma, je pri uporabi na javnih igri\u0161\u010dih potrebno poskrbeti za varovanjem pred po\u0161kodbami vandalizma.<\/div>","protected":false},"excerpt":{"rendered":"<p>Enojni okvir za gugalnico s EN1176 certifikatom (le okvir)<\/p>","protected":false},"featured_media":8233,"menu_order":0,"comment_status":"open","ping_status":"closed","template":"","meta":[],"product_brand":[],"product_cat":[106,76,101,78,125,105,75,77],"product_tag":[],"class_list":{"0":"post-2261","1":"product","2":"type-product","3":"status-publish","4":"has-post-thumbnail","6":"product_cat-gibanje","7":"product_cat-gugalnice","8":"product_cat-motorika","9":"product_cat-senzorna-integracija","10":"product_cat-snoezelen","11":"product_cat-terapija","12":"product_cat-vestibularni-pripomocki","13":"product_cat-vzmetenje","15":"first","16":"instock","17":"taxable","18":"shipping-taxable","19":"purchasable","20":"product-type-simple"},"jetpack_sharing_enabled":true,"_links":{"self":[{"href":"https:\/\/senzorika-varga.si\/en\/wp-json\/wp\/v2\/product\/2261","targetHints":{"allow":["GET"]}}],"collection":[{"href":"https:\/\/senzorika-varga.si\/en\/wp-json\/wp\/v2\/product"}],"about":[{"href":"https:\/\/senzorika-varga.si\/en\/wp-json\/wp\/v2\/types\/product"}],"replies":[{"embeddable":true,"href":"https:\/\/senzorika-varga.si\/en\/wp-json\/wp\/v2\/comments?post=2261"}],"version-history":[{"count":1,"href":"https:\/\/senzorika-varga.si\/en\/wp-json\/wp\/v2\/product\/2261\/revisions"}],"predecessor-version":[{"id":2262,"href":"https:\/\/senzorika-varga.si\/en\/wp-json\/wp\/v2\/product\/2261\/revisions\/2262"}],"wp:featuredmedia":[{"embeddable":true,"href":"https:\/\/senzorika-varga.si\/en\/wp-json\/wp\/v2\/media\/8233"}],"wp:attachment":[{"href":"https:\/\/senzorika-varga.si\/en\/wp-json\/wp\/v2\/media?parent=2261"}],"wp:term":[{"taxonomy":"product_brand","embeddable":true,"href":"https:\/\/senzorika-varga.si\/en\/wp-json\/wp\/v2\/product_brand?post=2261"},{"taxonomy":"product_cat","embeddable":true,"href":"https:\/\/senzorika-varga.si\/en\/wp-json\/wp\/v2\/product_cat?post=2261"},{"taxonomy":"product_tag","embeddable":true,"href":"https:\/\/senzorika-varga.si\/en\/wp-json\/wp\/v2\/product_tag?post=2261"}],"curies":[{"name":"wp","href":"https:\/\/api.w.org\/{rel}","templated":true}]}}