{"id":2229,"date":"2025-11-03T21:53:53","date_gmt":"2025-11-03T21:53:53","guid":{"rendered":"https:\/\/senzorika.ajvonidol.si\/?post_type=product&#038;p=2229"},"modified":"2025-12-31T08:33:35","modified_gmt":"2025-12-31T08:33:35","slug":"boben-sanj","status":"publish","type":"product","link":"https:\/\/senzorika-varga.si\/en\/product\/boben-sanj\/","title":{"rendered":"Boben sanj"},"content":{"rendered":"<div><!--block-->Boben, ki odmeva.&nbsp; S 3 razli\u010dnimi tolkali ponuja \u010dudovite, pomirjajo\u010de, meditativne zvoke. Tudi za zunanjo uporabo. V ceno je vklju\u010dena torba za shranjevanje .<\/div>","protected":false},"excerpt":{"rendered":"<p>Boben sanj<\/p>","protected":false},"featured_media":5690,"menu_order":0,"comment_status":"open","ping_status":"closed","template":"","meta":[],"product_brand":[],"product_cat":[94,116,113,88,125,118],"product_tag":[],"class_list":{"0":"post-2229","1":"product","2":"type-product","3":"status-publish","4":"has-post-thumbnail","6":"product_cat-ambient","7":"product_cat-glasbeni-instrumenti","8":"product_cat-komunikacija","9":"product_cat-pripomocki-za-sluh","10":"product_cat-snoezelen","11":"product_cat-zvcni-obcutki","13":"first","14":"instock","15":"taxable","16":"shipping-taxable","17":"purchasable","18":"product-type-simple"},"jetpack_sharing_enabled":true,"_links":{"self":[{"href":"https:\/\/senzorika-varga.si\/en\/wp-json\/wp\/v2\/product\/2229","targetHints":{"allow":["GET"]}}],"collection":[{"href":"https:\/\/senzorika-varga.si\/en\/wp-json\/wp\/v2\/product"}],"about":[{"href":"https:\/\/senzorika-varga.si\/en\/wp-json\/wp\/v2\/types\/product"}],"replies":[{"embeddable":true,"href":"https:\/\/senzorika-varga.si\/en\/wp-json\/wp\/v2\/comments?post=2229"}],"version-history":[{"count":1,"href":"https:\/\/senzorika-varga.si\/en\/wp-json\/wp\/v2\/product\/2229\/revisions"}],"predecessor-version":[{"id":2230,"href":"https:\/\/senzorika-varga.si\/en\/wp-json\/wp\/v2\/product\/2229\/revisions\/2230"}],"wp:featuredmedia":[{"embeddable":true,"href":"https:\/\/senzorika-varga.si\/en\/wp-json\/wp\/v2\/media\/5690"}],"wp:attachment":[{"href":"https:\/\/senzorika-varga.si\/en\/wp-json\/wp\/v2\/media?parent=2229"}],"wp:term":[{"taxonomy":"product_brand","embeddable":true,"href":"https:\/\/senzorika-varga.si\/en\/wp-json\/wp\/v2\/product_brand?post=2229"},{"taxonomy":"product_cat","embeddable":true,"href":"https:\/\/senzorika-varga.si\/en\/wp-json\/wp\/v2\/product_cat?post=2229"},{"taxonomy":"product_tag","embeddable":true,"href":"https:\/\/senzorika-varga.si\/en\/wp-json\/wp\/v2\/product_tag?post=2229"}],"curies":[{"name":"wp","href":"https:\/\/api.w.org\/{rel}","templated":true}]}}