{"id":2111,"date":"2025-11-03T21:53:39","date_gmt":"2025-11-03T21:53:39","guid":{"rendered":"https:\/\/senzorika.ajvonidol.si\/?post_type=product&#038;p=2111"},"modified":"2025-12-31T08:34:51","modified_gmt":"2025-12-31T08:34:51","slug":"physio-rolls-therapy-toy-00","status":"publish","type":"product","link":"https:\/\/senzorika-varga.si\/en\/product\/physio-rolls-therapy-toy-00\/","title":{"rendered":"Fizijo Roll-i:- Modro"},"content":{"rendered":"<p>Fizijo Rolls so super za u\u010denje, kako pravilno uporabiti ravnote\u017eje in zagotavljajo energi\u010dno igranje. Dobavimo vam v lahko v razli\u010dnih velikosti in barvah, ki bodo ustrezala va\u0161im potrebam.<\/p>","protected":false},"excerpt":{"rendered":"<p>Fizijo Roll-i:- Modro<\/p>","protected":false},"featured_media":9073,"menu_order":0,"comment_status":"open","ping_status":"closed","template":"","meta":[],"product_brand":[],"product_cat":[106,101,67,105],"product_tag":[],"class_list":{"0":"post-2111","1":"product","2":"type-product","3":"status-publish","4":"has-post-thumbnail","6":"product_cat-gibanje","7":"product_cat-motorika","8":"product_cat-ravnotezje","9":"product_cat-terapija","11":"first","12":"instock","13":"taxable","14":"shipping-taxable","15":"purchasable","16":"product-type-simple"},"jetpack_sharing_enabled":true,"_links":{"self":[{"href":"https:\/\/senzorika-varga.si\/en\/wp-json\/wp\/v2\/product\/2111","targetHints":{"allow":["GET"]}}],"collection":[{"href":"https:\/\/senzorika-varga.si\/en\/wp-json\/wp\/v2\/product"}],"about":[{"href":"https:\/\/senzorika-varga.si\/en\/wp-json\/wp\/v2\/types\/product"}],"replies":[{"embeddable":true,"href":"https:\/\/senzorika-varga.si\/en\/wp-json\/wp\/v2\/comments?post=2111"}],"version-history":[{"count":1,"href":"https:\/\/senzorika-varga.si\/en\/wp-json\/wp\/v2\/product\/2111\/revisions"}],"predecessor-version":[{"id":2112,"href":"https:\/\/senzorika-varga.si\/en\/wp-json\/wp\/v2\/product\/2111\/revisions\/2112"}],"wp:featuredmedia":[{"embeddable":true,"href":"https:\/\/senzorika-varga.si\/en\/wp-json\/wp\/v2\/media\/9073"}],"wp:attachment":[{"href":"https:\/\/senzorika-varga.si\/en\/wp-json\/wp\/v2\/media?parent=2111"}],"wp:term":[{"taxonomy":"product_brand","embeddable":true,"href":"https:\/\/senzorika-varga.si\/en\/wp-json\/wp\/v2\/product_brand?post=2111"},{"taxonomy":"product_cat","embeddable":true,"href":"https:\/\/senzorika-varga.si\/en\/wp-json\/wp\/v2\/product_cat?post=2111"},{"taxonomy":"product_tag","embeddable":true,"href":"https:\/\/senzorika-varga.si\/en\/wp-json\/wp\/v2\/product_tag?post=2111"}],"curies":[{"name":"wp","href":"https:\/\/api.w.org\/{rel}","templated":true}]}}