{"id":2085,"date":"2025-11-03T21:53:37","date_gmt":"2025-11-03T21:53:37","guid":{"rendered":"https:\/\/senzorika.ajvonidol.si\/?post_type=product&#038;p=2085"},"modified":"2025-12-31T08:35:43","modified_gmt":"2025-12-31T08:35:43","slug":"vodna-stena-150","status":"publish","type":"product","link":"https:\/\/senzorika-varga.si\/en\/product\/vodna-stena-150\/","title":{"rendered":"Vodna stena 150"},"content":{"rendered":"<div><!--block-->Vodna stena je odli\u010den na\u010din za prihranek prostora, zlasti v senzori\u010dni sobi. Zelo trpe\u017ena, rabite le 1l vode.&nbsp;<\/p>\n<p>Ima funkcijo zadr\u017eevanja barve, tako da jo lahko ustavite na dolo\u010deni \u017eeleni barvi. \u010cudovite barve so vizualno stimulativne in bodo dolgo \u010dasa dr\u017eale pozornost uporabnikov.<\/p>\n<p>Stena je priljubljena v \u010dakalnicah ali na hodnikih in jo je mogo\u010de nadzorovati z na\u0161o interaktivno opremo, ki jo boste na\u0161li v kategoriji MSE krmilniki (koda: 9RGRX). Ni vklju\u010deno v ceno.<\/p><\/div>","protected":false},"excerpt":{"rendered":"<p>Vodna stena 150<\/p>","protected":false},"featured_media":8537,"menu_order":0,"comment_status":"open","ping_status":"closed","template":"","meta":[],"product_brand":[],"product_cat":[71,70,132,127,129,125,68,128],"product_tag":[],"class_list":{"0":"post-2085","1":"product","2":"type-product","3":"status-publish","4":"has-post-thumbnail","6":"product_cat-barve","7":"product_cat-gledanje","8":"product_cat-mse-kontrolniki","9":"product_cat-opticna-vlakna","10":"product_cat-projektorji","11":"product_cat-snoezelen","12":"product_cat-vizualni-pripomocki","13":"product_cat-vodni-stolpi","15":"first","16":"instock","17":"taxable","18":"shipping-taxable","19":"purchasable","20":"product-type-simple"},"jetpack_sharing_enabled":true,"_links":{"self":[{"href":"https:\/\/senzorika-varga.si\/en\/wp-json\/wp\/v2\/product\/2085","targetHints":{"allow":["GET"]}}],"collection":[{"href":"https:\/\/senzorika-varga.si\/en\/wp-json\/wp\/v2\/product"}],"about":[{"href":"https:\/\/senzorika-varga.si\/en\/wp-json\/wp\/v2\/types\/product"}],"replies":[{"embeddable":true,"href":"https:\/\/senzorika-varga.si\/en\/wp-json\/wp\/v2\/comments?post=2085"}],"version-history":[{"count":1,"href":"https:\/\/senzorika-varga.si\/en\/wp-json\/wp\/v2\/product\/2085\/revisions"}],"predecessor-version":[{"id":2086,"href":"https:\/\/senzorika-varga.si\/en\/wp-json\/wp\/v2\/product\/2085\/revisions\/2086"}],"wp:featuredmedia":[{"embeddable":true,"href":"https:\/\/senzorika-varga.si\/en\/wp-json\/wp\/v2\/media\/8537"}],"wp:attachment":[{"href":"https:\/\/senzorika-varga.si\/en\/wp-json\/wp\/v2\/media?parent=2085"}],"wp:term":[{"taxonomy":"product_brand","embeddable":true,"href":"https:\/\/senzorika-varga.si\/en\/wp-json\/wp\/v2\/product_brand?post=2085"},{"taxonomy":"product_cat","embeddable":true,"href":"https:\/\/senzorika-varga.si\/en\/wp-json\/wp\/v2\/product_cat?post=2085"},{"taxonomy":"product_tag","embeddable":true,"href":"https:\/\/senzorika-varga.si\/en\/wp-json\/wp\/v2\/product_tag?post=2085"}],"curies":[{"name":"wp","href":"https:\/\/api.w.org\/{rel}","templated":true}]}}