{"id":2059,"date":"2025-11-03T21:53:33","date_gmt":"2025-11-03T21:53:33","guid":{"rendered":"https:\/\/senzorika.ajvonidol.si\/?post_type=product&#038;p=2059"},"modified":"2025-12-31T08:33:22","modified_gmt":"2025-12-31T08:33:22","slug":"aura-projektor","status":"publish","type":"product","link":"https:\/\/senzorika-varga.si\/en\/product\/aura-projektor\/","title":{"rendered":"Aura Projektor"},"content":{"rendered":"<div>\n<p>Prakti\u010dno tihi projektor Aura z ve\u010d u\u010dinki je fantasti\u010den dodatek za vsako sobo! Brezpla\u010dna aplikacija projektorja uporabniku omogo\u010da nadzor nad svetlostjo in funkcijami \u010dasovnika z napravo iOS ali Android.<\/p>\n<p>Vsak projektor ima eno kolo z u\u010dinki, ki se enostavno namesti na integrirani rotator koles. Dodatna kolesa so na voljo za nakup lo\u010deno.<\/p>\n<p>Podatki tr\u017enih raziskav ka\u017eejo, da projektor Aura pomaga pri laj\u0161anju simptomov tesnobe, vznemirjenosti in nespe\u010dnosti.<\/p>\n<\/div>\n<div><\/div>\n<div><\/div>\n<p><iframe title=\"YouTube video player\" src=\"https:\/\/www.youtube.com\/embed\/LRlipNV3DAg?si=cTEWQZdwglxdubWg\" width=\"560\" height=\"315\" frameborder=\"0\" allowfullscreen=\"allowfullscreen\"><\/iframe><\/p>","protected":false},"excerpt":{"rendered":"<p>Aura Projektor<\/p>","protected":false},"featured_media":8382,"menu_order":0,"comment_status":"open","ping_status":"closed","template":"","meta":[],"product_brand":[],"product_cat":[70,129,125,68],"product_tag":[],"class_list":{"0":"post-2059","1":"product","2":"type-product","3":"status-publish","4":"has-post-thumbnail","6":"product_cat-gledanje","7":"product_cat-projektorji","8":"product_cat-snoezelen","9":"product_cat-vizualni-pripomocki","11":"first","12":"instock","13":"taxable","14":"shipping-taxable","15":"purchasable","16":"product-type-simple"},"jetpack_sharing_enabled":true,"_links":{"self":[{"href":"https:\/\/senzorika-varga.si\/en\/wp-json\/wp\/v2\/product\/2059","targetHints":{"allow":["GET"]}}],"collection":[{"href":"https:\/\/senzorika-varga.si\/en\/wp-json\/wp\/v2\/product"}],"about":[{"href":"https:\/\/senzorika-varga.si\/en\/wp-json\/wp\/v2\/types\/product"}],"replies":[{"embeddable":true,"href":"https:\/\/senzorika-varga.si\/en\/wp-json\/wp\/v2\/comments?post=2059"}],"version-history":[{"count":3,"href":"https:\/\/senzorika-varga.si\/en\/wp-json\/wp\/v2\/product\/2059\/revisions"}],"predecessor-version":[{"id":9725,"href":"https:\/\/senzorika-varga.si\/en\/wp-json\/wp\/v2\/product\/2059\/revisions\/9725"}],"wp:featuredmedia":[{"embeddable":true,"href":"https:\/\/senzorika-varga.si\/en\/wp-json\/wp\/v2\/media\/8382"}],"wp:attachment":[{"href":"https:\/\/senzorika-varga.si\/en\/wp-json\/wp\/v2\/media?parent=2059"}],"wp:term":[{"taxonomy":"product_brand","embeddable":true,"href":"https:\/\/senzorika-varga.si\/en\/wp-json\/wp\/v2\/product_brand?post=2059"},{"taxonomy":"product_cat","embeddable":true,"href":"https:\/\/senzorika-varga.si\/en\/wp-json\/wp\/v2\/product_cat?post=2059"},{"taxonomy":"product_tag","embeddable":true,"href":"https:\/\/senzorika-varga.si\/en\/wp-json\/wp\/v2\/product_tag?post=2059"}],"curies":[{"name":"wp","href":"https:\/\/api.w.org\/{rel}","templated":true}]}}