{"id":1909,"date":"2025-11-03T21:53:19","date_gmt":"2025-11-03T21:53:19","guid":{"rendered":"https:\/\/senzorika.ajvonidol.si\/?post_type=product&#038;p=1909"},"modified":"2025-12-31T08:37:10","modified_gmt":"2025-12-31T08:37:10","slug":"senzorni-zivljenjski-stil","status":"publish","type":"product","link":"https:\/\/senzorika-varga.si\/en\/product\/senzorni-zivljenjski-stil\/","title":{"rendered":"Senzorni \u017eivljenjski stil"},"content":{"rendered":"<p>Odli\u010dni izbira izdelkov za razvoj senzorike. Od svetlobnih teles, zvo\u010dnih izdelkov, izdelkov, ki vibrirajo, teksturni izdelki, ropotuljice, komplet za grobo motoriko.<\/p>","protected":false},"excerpt":{"rendered":"<p>Senzorni \u017eivljenjski stil<\/p>","protected":false},"featured_media":8768,"menu_order":0,"comment_status":"open","ping_status":"closed","template":"","meta":[],"product_brand":[],"product_cat":[101,88,95,125,80,131,68],"product_tag":[],"class_list":{"0":"post-1909","1":"product","2":"type-product","3":"status-publish","4":"has-post-thumbnail","6":"product_cat-motorika","7":"product_cat-pripomocki-za-sluh","8":"product_cat-propriocepcija","9":"product_cat-snoezelen","10":"product_cat-taktilni-pripomocki","11":"product_cat-vecta-mse","12":"product_cat-vizualni-pripomocki","14":"first","15":"instock","16":"taxable","17":"shipping-taxable","18":"purchasable","19":"product-type-simple"},"jetpack_sharing_enabled":true,"_links":{"self":[{"href":"https:\/\/senzorika-varga.si\/en\/wp-json\/wp\/v2\/product\/1909","targetHints":{"allow":["GET"]}}],"collection":[{"href":"https:\/\/senzorika-varga.si\/en\/wp-json\/wp\/v2\/product"}],"about":[{"href":"https:\/\/senzorika-varga.si\/en\/wp-json\/wp\/v2\/types\/product"}],"replies":[{"embeddable":true,"href":"https:\/\/senzorika-varga.si\/en\/wp-json\/wp\/v2\/comments?post=1909"}],"version-history":[{"count":1,"href":"https:\/\/senzorika-varga.si\/en\/wp-json\/wp\/v2\/product\/1909\/revisions"}],"predecessor-version":[{"id":1910,"href":"https:\/\/senzorika-varga.si\/en\/wp-json\/wp\/v2\/product\/1909\/revisions\/1910"}],"wp:featuredmedia":[{"embeddable":true,"href":"https:\/\/senzorika-varga.si\/en\/wp-json\/wp\/v2\/media\/8768"}],"wp:attachment":[{"href":"https:\/\/senzorika-varga.si\/en\/wp-json\/wp\/v2\/media?parent=1909"}],"wp:term":[{"taxonomy":"product_brand","embeddable":true,"href":"https:\/\/senzorika-varga.si\/en\/wp-json\/wp\/v2\/product_brand?post=1909"},{"taxonomy":"product_cat","embeddable":true,"href":"https:\/\/senzorika-varga.si\/en\/wp-json\/wp\/v2\/product_cat?post=1909"},{"taxonomy":"product_tag","embeddable":true,"href":"https:\/\/senzorika-varga.si\/en\/wp-json\/wp\/v2\/product_tag?post=1909"}],"curies":[{"name":"wp","href":"https:\/\/api.w.org\/{rel}","templated":true}]}}