{"id":1905,"date":"2025-11-03T21:53:18","date_gmt":"2025-11-03T21:53:18","guid":{"rendered":"https:\/\/senzorika.ajvonidol.si\/?post_type=product&#038;p=1905"},"modified":"2025-12-31T08:35:38","modified_gmt":"2025-12-31T08:35:38","slug":"hidey-koca","status":"publish","type":"product","link":"https:\/\/senzorika-varga.si\/en\/product\/hidey-koca\/","title":{"rendered":"Hidey ko\u010da"},"content":{"rendered":"<p>Hi\u0161ka je enostavna za monta\u017eo, hitro ustvarjanje v vsakem prostoru. Notranji prostor se zdi zaradi tunela z ogledali veliko ve\u010dji kot sicer. Velika vrata uporabniku omogo\u010da, da ostane v stiku z zunanjosjo. Zasnovana, da bo osvetljena z nizom Opti\u010dnih vlaken (niso vklju\u010dena).<\/p>","protected":false},"excerpt":{"rendered":"<p>Hidey ko\u010da<\/p>","protected":false},"featured_media":8711,"menu_order":0,"comment_status":"open","ping_status":"closed","template":"","meta":[],"product_brand":[],"product_cat":[113,120,69,127,117,125,119,114,131,68,118],"product_tag":[],"class_list":{"0":"post-1905","1":"product","2":"type-product","3":"status-publish","4":"has-post-thumbnail","6":"product_cat-komunikacija","7":"product_cat-nezne-igre","8":"product_cat-ogledala","9":"product_cat-opticna-vlakna","10":"product_cat-pravljice","11":"product_cat-snoezelen","12":"product_cat-socializacija","13":"product_cat-umetnost","14":"product_cat-vecta-mse","15":"product_cat-vizualni-pripomocki","16":"product_cat-zvcni-obcutki","18":"first","19":"instock","20":"taxable","21":"shipping-taxable","22":"purchasable","23":"product-type-simple"},"jetpack_sharing_enabled":true,"_links":{"self":[{"href":"https:\/\/senzorika-varga.si\/en\/wp-json\/wp\/v2\/product\/1905","targetHints":{"allow":["GET"]}}],"collection":[{"href":"https:\/\/senzorika-varga.si\/en\/wp-json\/wp\/v2\/product"}],"about":[{"href":"https:\/\/senzorika-varga.si\/en\/wp-json\/wp\/v2\/types\/product"}],"replies":[{"embeddable":true,"href":"https:\/\/senzorika-varga.si\/en\/wp-json\/wp\/v2\/comments?post=1905"}],"version-history":[{"count":1,"href":"https:\/\/senzorika-varga.si\/en\/wp-json\/wp\/v2\/product\/1905\/revisions"}],"predecessor-version":[{"id":1906,"href":"https:\/\/senzorika-varga.si\/en\/wp-json\/wp\/v2\/product\/1905\/revisions\/1906"}],"wp:featuredmedia":[{"embeddable":true,"href":"https:\/\/senzorika-varga.si\/en\/wp-json\/wp\/v2\/media\/8711"}],"wp:attachment":[{"href":"https:\/\/senzorika-varga.si\/en\/wp-json\/wp\/v2\/media?parent=1905"}],"wp:term":[{"taxonomy":"product_brand","embeddable":true,"href":"https:\/\/senzorika-varga.si\/en\/wp-json\/wp\/v2\/product_brand?post=1905"},{"taxonomy":"product_cat","embeddable":true,"href":"https:\/\/senzorika-varga.si\/en\/wp-json\/wp\/v2\/product_cat?post=1905"},{"taxonomy":"product_tag","embeddable":true,"href":"https:\/\/senzorika-varga.si\/en\/wp-json\/wp\/v2\/product_tag?post=1905"}],"curies":[{"name":"wp","href":"https:\/\/api.w.org\/{rel}","templated":true}]}}