{"id":1895,"date":"2025-11-03T21:53:14","date_gmt":"2025-11-03T21:53:14","guid":{"rendered":"https:\/\/senzorika.ajvonidol.si\/?post_type=product&#038;p=1895"},"modified":"2025-11-16T21:49:11","modified_gmt":"2025-11-16T21:49:11","slug":"komplet-senzornih-zogic","status":"publish","type":"product","link":"https:\/\/senzorika-varga.si\/en\/product\/komplet-senzornih-zogic\/","title":{"rendered":"Komplet senzornih \u017eogic"},"content":{"rendered":"<p>5 zabavnih \u017eog, ki se svetijo ali \u017evenketajo.<\/p>","protected":false},"excerpt":{"rendered":"<p>Komplet senzornih \u017eogic<\/p>","protected":false},"featured_media":9364,"menu_order":0,"comment_status":"open","ping_status":"closed","template":"","meta":[],"product_brand":[],"product_cat":[89,70,88,68,74],"product_tag":[],"class_list":{"0":"post-1895","1":"product","2":"type-product","3":"status-publish","4":"has-post-thumbnail","6":"product_cat-glasne-igrace","7":"product_cat-gledanje","8":"product_cat-pripomocki-za-sluh","9":"product_cat-vizualni-pripomocki","10":"product_cat-vrteci-izdelki","12":"first","13":"instock","14":"taxable","15":"shipping-taxable","16":"purchasable","17":"product-type-simple"},"jetpack_sharing_enabled":true,"_links":{"self":[{"href":"https:\/\/senzorika-varga.si\/en\/wp-json\/wp\/v2\/product\/1895","targetHints":{"allow":["GET"]}}],"collection":[{"href":"https:\/\/senzorika-varga.si\/en\/wp-json\/wp\/v2\/product"}],"about":[{"href":"https:\/\/senzorika-varga.si\/en\/wp-json\/wp\/v2\/types\/product"}],"replies":[{"embeddable":true,"href":"https:\/\/senzorika-varga.si\/en\/wp-json\/wp\/v2\/comments?post=1895"}],"version-history":[{"count":1,"href":"https:\/\/senzorika-varga.si\/en\/wp-json\/wp\/v2\/product\/1895\/revisions"}],"predecessor-version":[{"id":1896,"href":"https:\/\/senzorika-varga.si\/en\/wp-json\/wp\/v2\/product\/1895\/revisions\/1896"}],"wp:featuredmedia":[{"embeddable":true,"href":"https:\/\/senzorika-varga.si\/en\/wp-json\/wp\/v2\/media\/9364"}],"wp:attachment":[{"href":"https:\/\/senzorika-varga.si\/en\/wp-json\/wp\/v2\/media?parent=1895"}],"wp:term":[{"taxonomy":"product_brand","embeddable":true,"href":"https:\/\/senzorika-varga.si\/en\/wp-json\/wp\/v2\/product_brand?post=1895"},{"taxonomy":"product_cat","embeddable":true,"href":"https:\/\/senzorika-varga.si\/en\/wp-json\/wp\/v2\/product_cat?post=1895"},{"taxonomy":"product_tag","embeddable":true,"href":"https:\/\/senzorika-varga.si\/en\/wp-json\/wp\/v2\/product_tag?post=1895"}],"curies":[{"name":"wp","href":"https:\/\/api.w.org\/{rel}","templated":true}]}}