{"id":1893,"date":"2025-11-03T21:53:14","date_gmt":"2025-11-03T21:53:14","guid":{"rendered":"https:\/\/senzorika.ajvonidol.si\/?post_type=product&#038;p=1893"},"modified":"2025-12-31T08:35:38","modified_gmt":"2025-12-31T08:35:38","slug":"oblak-za-strop","status":"publish","type":"product","link":"https:\/\/senzorika-varga.si\/en\/product\/oblak-za-strop\/","title":{"rendered":"Oblak za strop"},"content":{"rendered":"<div><!--block-->Posamezni oblak, ki se enostavno namesti. (vklju\u010duje son\u010dni \u017earek). Menimo, da je ustvarjanje \u010dudovitih stropov pomembno za to, da je temna soba v celoti lepa. \u010ce le\u017eite v vodni postelji ali v bazenu \u017eogic, so va\u0161e o\u010di usmerjene v strop. Oblak je enostaven za sestavo in ima efektivno svetle\u010do tkanino. Zvezde izvirajo iz svetlobne mre\u017ee z LED diodami.&nbsp;<\/p>\n<p>Odli\u010dna vizualna stimulacija.<\/p><\/div>","protected":false},"excerpt":{"rendered":"<p>Oblak za strop<\/p>","protected":false},"featured_media":8547,"menu_order":0,"comment_status":"open","ping_status":"closed","template":"","meta":[],"product_brand":[],"product_cat":[70,130,125,68],"product_tag":[],"class_list":{"0":"post-1893","1":"product","2":"type-product","3":"status-publish","4":"has-post-thumbnail","6":"product_cat-gledanje","7":"product_cat-mehki-predmeti","8":"product_cat-snoezelen","9":"product_cat-vizualni-pripomocki","11":"first","12":"instock","13":"taxable","14":"shipping-taxable","15":"purchasable","16":"product-type-simple"},"jetpack_sharing_enabled":true,"_links":{"self":[{"href":"https:\/\/senzorika-varga.si\/en\/wp-json\/wp\/v2\/product\/1893","targetHints":{"allow":["GET"]}}],"collection":[{"href":"https:\/\/senzorika-varga.si\/en\/wp-json\/wp\/v2\/product"}],"about":[{"href":"https:\/\/senzorika-varga.si\/en\/wp-json\/wp\/v2\/types\/product"}],"replies":[{"embeddable":true,"href":"https:\/\/senzorika-varga.si\/en\/wp-json\/wp\/v2\/comments?post=1893"}],"version-history":[{"count":1,"href":"https:\/\/senzorika-varga.si\/en\/wp-json\/wp\/v2\/product\/1893\/revisions"}],"predecessor-version":[{"id":1894,"href":"https:\/\/senzorika-varga.si\/en\/wp-json\/wp\/v2\/product\/1893\/revisions\/1894"}],"wp:featuredmedia":[{"embeddable":true,"href":"https:\/\/senzorika-varga.si\/en\/wp-json\/wp\/v2\/media\/8547"}],"wp:attachment":[{"href":"https:\/\/senzorika-varga.si\/en\/wp-json\/wp\/v2\/media?parent=1893"}],"wp:term":[{"taxonomy":"product_brand","embeddable":true,"href":"https:\/\/senzorika-varga.si\/en\/wp-json\/wp\/v2\/product_brand?post=1893"},{"taxonomy":"product_cat","embeddable":true,"href":"https:\/\/senzorika-varga.si\/en\/wp-json\/wp\/v2\/product_cat?post=1893"},{"taxonomy":"product_tag","embeddable":true,"href":"https:\/\/senzorika-varga.si\/en\/wp-json\/wp\/v2\/product_tag?post=1893"}],"curies":[{"name":"wp","href":"https:\/\/api.w.org\/{rel}","templated":true}]}}