{"id":1883,"date":"2025-11-03T21:53:13","date_gmt":"2025-11-03T21:53:13","guid":{"rendered":"https:\/\/senzorika.ajvonidol.si\/?post_type=product&#038;p=1883"},"modified":"2025-12-31T08:35:46","modified_gmt":"2025-12-31T08:35:46","slug":"interactive-light-source","status":"publish","type":"product","link":"https:\/\/senzorika-varga.si\/en\/product\/interactive-light-source\/","title":{"rendered":"Ble\u0161\u010de\u010di Vir Svetlobe"},"content":{"rendered":"<p>Lu\u010dka, ki je potrebna za osvetlitev opti\u010dnih vlaken. Zabavna in dolgotrajna (sveti cca 50.000 ur).<\/p>","protected":false},"excerpt":{"rendered":"<p>Ble\u0161\u010de\u010di Vir Svetlobe<\/p>","protected":false},"featured_media":8632,"menu_order":0,"comment_status":"open","ping_status":"closed","template":"","meta":[],"product_brand":[],"product_cat":[127,125],"product_tag":[],"class_list":{"0":"post-1883","1":"product","2":"type-product","3":"status-publish","4":"has-post-thumbnail","6":"product_cat-opticna-vlakna","7":"product_cat-snoezelen","9":"first","10":"instock","11":"taxable","12":"shipping-taxable","13":"purchasable","14":"product-type-simple"},"jetpack_sharing_enabled":true,"_links":{"self":[{"href":"https:\/\/senzorika-varga.si\/en\/wp-json\/wp\/v2\/product\/1883","targetHints":{"allow":["GET"]}}],"collection":[{"href":"https:\/\/senzorika-varga.si\/en\/wp-json\/wp\/v2\/product"}],"about":[{"href":"https:\/\/senzorika-varga.si\/en\/wp-json\/wp\/v2\/types\/product"}],"replies":[{"embeddable":true,"href":"https:\/\/senzorika-varga.si\/en\/wp-json\/wp\/v2\/comments?post=1883"}],"version-history":[{"count":1,"href":"https:\/\/senzorika-varga.si\/en\/wp-json\/wp\/v2\/product\/1883\/revisions"}],"predecessor-version":[{"id":1884,"href":"https:\/\/senzorika-varga.si\/en\/wp-json\/wp\/v2\/product\/1883\/revisions\/1884"}],"wp:featuredmedia":[{"embeddable":true,"href":"https:\/\/senzorika-varga.si\/en\/wp-json\/wp\/v2\/media\/8632"}],"wp:attachment":[{"href":"https:\/\/senzorika-varga.si\/en\/wp-json\/wp\/v2\/media?parent=1883"}],"wp:term":[{"taxonomy":"product_brand","embeddable":true,"href":"https:\/\/senzorika-varga.si\/en\/wp-json\/wp\/v2\/product_brand?post=1883"},{"taxonomy":"product_cat","embeddable":true,"href":"https:\/\/senzorika-varga.si\/en\/wp-json\/wp\/v2\/product_cat?post=1883"},{"taxonomy":"product_tag","embeddable":true,"href":"https:\/\/senzorika-varga.si\/en\/wp-json\/wp\/v2\/product_tag?post=1883"}],"curies":[{"name":"wp","href":"https:\/\/api.w.org\/{rel}","templated":true}]}}