{"id":1811,"date":"2025-11-03T21:53:04","date_gmt":"2025-11-03T21:53:04","guid":{"rendered":"https:\/\/senzorika.ajvonidol.si\/?post_type=product&#038;p=1811"},"modified":"2026-01-04T21:29:01","modified_gmt":"2026-01-04T21:29:01","slug":"cistilo-za-vodne-stolpe","status":"publish","type":"product","link":"https:\/\/senzorika-varga.si\/en\/product\/cistilo-za-vodne-stolpe\/","title":{"rendered":"Sredstvo proti algam za vodne stolpe"},"content":{"rendered":"<div><!--block-->\u010cistilo za vodo v vodnih stolpih, ki prepre\u010duje nastanek in rast alg. Vsebuje le eno plastenko \u010distila. Voda v stolpu in vodni steni z mehur\u010dki ohranja \u010disto, kar omogo\u010da, da \u017eubore\u010di mehur\u010dki ostanejo glavna atrakcija.<br \/>Priporo\u010damo, da enkrat&nbsp; do dvakrat letno popolnoma izpraznite Vodni stolp ali Vodno steno in popolnoma o\u010distite po navodilih. Pri ponovnem polnjenju Vodnega stolpa (z destilirano ali deionizirano vodo) dodajte 1\/3 steklenice v vodo. Nato vsak mesec dodajte zama\u0161ek raztopine Bubble Safe, da bo va\u0161a voda v Vodnem stolpu kristalno \u010dista.<\/div>","protected":false},"excerpt":{"rendered":"<p>Sredstvo proti algam za vodne stolpe<\/p>","protected":false},"featured_media":8470,"menu_order":0,"comment_status":"open","ping_status":"closed","template":"","meta":[],"product_brand":[],"product_cat":[125,131,128],"product_tag":[],"class_list":{"0":"post-1811","1":"product","2":"type-product","3":"status-publish","4":"has-post-thumbnail","6":"product_cat-snoezelen","7":"product_cat-vecta-mse","8":"product_cat-vodni-stolpi","10":"first","11":"instock","12":"taxable","13":"shipping-taxable","14":"purchasable","15":"product-type-simple"},"jetpack_sharing_enabled":true,"_links":{"self":[{"href":"https:\/\/senzorika-varga.si\/en\/wp-json\/wp\/v2\/product\/1811","targetHints":{"allow":["GET"]}}],"collection":[{"href":"https:\/\/senzorika-varga.si\/en\/wp-json\/wp\/v2\/product"}],"about":[{"href":"https:\/\/senzorika-varga.si\/en\/wp-json\/wp\/v2\/types\/product"}],"replies":[{"embeddable":true,"href":"https:\/\/senzorika-varga.si\/en\/wp-json\/wp\/v2\/comments?post=1811"}],"version-history":[{"count":1,"href":"https:\/\/senzorika-varga.si\/en\/wp-json\/wp\/v2\/product\/1811\/revisions"}],"predecessor-version":[{"id":1812,"href":"https:\/\/senzorika-varga.si\/en\/wp-json\/wp\/v2\/product\/1811\/revisions\/1812"}],"wp:featuredmedia":[{"embeddable":true,"href":"https:\/\/senzorika-varga.si\/en\/wp-json\/wp\/v2\/media\/8470"}],"wp:attachment":[{"href":"https:\/\/senzorika-varga.si\/en\/wp-json\/wp\/v2\/media?parent=1811"}],"wp:term":[{"taxonomy":"product_brand","embeddable":true,"href":"https:\/\/senzorika-varga.si\/en\/wp-json\/wp\/v2\/product_brand?post=1811"},{"taxonomy":"product_cat","embeddable":true,"href":"https:\/\/senzorika-varga.si\/en\/wp-json\/wp\/v2\/product_cat?post=1811"},{"taxonomy":"product_tag","embeddable":true,"href":"https:\/\/senzorika-varga.si\/en\/wp-json\/wp\/v2\/product_tag?post=1811"}],"curies":[{"name":"wp","href":"https:\/\/api.w.org\/{rel}","templated":true}]}}