{"id":1803,"date":"2025-11-03T21:53:04","date_gmt":"2025-11-03T21:53:04","guid":{"rendered":"https:\/\/senzorika.ajvonidol.si\/?post_type=product&#038;p=1803"},"modified":"2026-01-04T21:27:56","modified_gmt":"2026-01-04T21:27:56","slug":"brencalo-kmetija","status":"publish","type":"product","link":"https:\/\/senzorika-varga.si\/en\/product\/brencalo-kmetija\/","title":{"rendered":"Bren\u010dalo &#8211; kmetija"},"content":{"rendered":"<p>Zanimiva bren\u010dala s \u0161tirimi razli\u010dnimi zvoki- petelin, krava, pes in konj.<\/p>","protected":false},"excerpt":{"rendered":"<p>Bren\u010dalo &#8211; kmetija<\/p>","protected":false},"featured_media":5441,"menu_order":0,"comment_status":"open","ping_status":"closed","template":"","meta":[],"product_brand":[],"product_cat":[89,113,112,88,107,118],"product_tag":[],"class_list":{"0":"post-1803","1":"product","2":"type-product","3":"status-publish","4":"has-post-thumbnail","6":"product_cat-glasne-igrace","7":"product_cat-komunikacija","8":"product_cat-odzivnost-in-nagrajevanje","9":"product_cat-pripomocki-za-sluh","10":"product_cat-spoznavanje","11":"product_cat-zvcni-obcutki","13":"first","14":"instock","15":"taxable","16":"shipping-taxable","17":"purchasable","18":"product-type-simple"},"jetpack_sharing_enabled":true,"_links":{"self":[{"href":"https:\/\/senzorika-varga.si\/en\/wp-json\/wp\/v2\/product\/1803","targetHints":{"allow":["GET"]}}],"collection":[{"href":"https:\/\/senzorika-varga.si\/en\/wp-json\/wp\/v2\/product"}],"about":[{"href":"https:\/\/senzorika-varga.si\/en\/wp-json\/wp\/v2\/types\/product"}],"replies":[{"embeddable":true,"href":"https:\/\/senzorika-varga.si\/en\/wp-json\/wp\/v2\/comments?post=1803"}],"version-history":[{"count":1,"href":"https:\/\/senzorika-varga.si\/en\/wp-json\/wp\/v2\/product\/1803\/revisions"}],"predecessor-version":[{"id":1804,"href":"https:\/\/senzorika-varga.si\/en\/wp-json\/wp\/v2\/product\/1803\/revisions\/1804"}],"wp:featuredmedia":[{"embeddable":true,"href":"https:\/\/senzorika-varga.si\/en\/wp-json\/wp\/v2\/media\/5441"}],"wp:attachment":[{"href":"https:\/\/senzorika-varga.si\/en\/wp-json\/wp\/v2\/media?parent=1803"}],"wp:term":[{"taxonomy":"product_brand","embeddable":true,"href":"https:\/\/senzorika-varga.si\/en\/wp-json\/wp\/v2\/product_brand?post=1803"},{"taxonomy":"product_cat","embeddable":true,"href":"https:\/\/senzorika-varga.si\/en\/wp-json\/wp\/v2\/product_cat?post=1803"},{"taxonomy":"product_tag","embeddable":true,"href":"https:\/\/senzorika-varga.si\/en\/wp-json\/wp\/v2\/product_tag?post=1803"}],"curies":[{"name":"wp","href":"https:\/\/api.w.org\/{rel}","templated":true}]}}