{"id":1765,"date":"2025-11-03T21:52:59","date_gmt":"2025-11-03T21:52:59","guid":{"rendered":"https:\/\/senzorika.ajvonidol.si\/?post_type=product&#038;p=1765"},"modified":"2025-12-31T08:33:35","modified_gmt":"2025-12-31T08:33:35","slug":"bondina-zvoncki","status":"publish","type":"product","link":"https:\/\/senzorika-varga.si\/en\/product\/bondina-zvoncki\/","title":{"rendered":"Bondina zvon\u010dki"},"content":{"rendered":"<p>Bondina zvon\u010dki so \u010dudovito glasbilo z \u017eivahnimi barvami, ki vas bodo vizualno spodbudile. Vse, kar morate storiti, je, da zavrtite barve in vise\u010di zvon\u010dki bodo za\u010deli zvoniti.<\/p>\n<p>To majhno glasbilo je idealno za tiste, ki potrebujejo malo dodatnega slu\u0161nega senzori\u010dnega vnosa. Poleg tega bo z vrtenjem barv pomagalo razviti fino motoriko in okrepiti prste. Za zabaven \u010das so Bondina zvon\u010dki prava izbira za vas, pripeljite prijatelja in se igrajte skupaj.<\/p>\n<p>&nbsp;<\/p>\n<p><iframe title=\"YouTube video player\" src=\"https:\/\/www.youtube.com\/embed\/MJENDzLXdHY?si=QjKUD-UA9r0DUwUT\" width=\"560\" height=\"315\" frameborder=\"0\" allowfullscreen=\"allowfullscreen\"><\/iframe><\/p>","protected":false},"excerpt":{"rendered":"<p>Bondina zvon\u010dki<\/p>","protected":false},"featured_media":5493,"menu_order":0,"comment_status":"open","ping_status":"closed","template":"","meta":[],"product_brand":[],"product_cat":[116,89,113,88],"product_tag":[],"class_list":{"0":"post-1765","1":"product","2":"type-product","3":"status-publish","4":"has-post-thumbnail","6":"product_cat-glasbeni-instrumenti","7":"product_cat-glasne-igrace","8":"product_cat-komunikacija","9":"product_cat-pripomocki-za-sluh","11":"first","12":"instock","13":"taxable","14":"shipping-taxable","15":"purchasable","16":"product-type-simple"},"jetpack_sharing_enabled":true,"_links":{"self":[{"href":"https:\/\/senzorika-varga.si\/en\/wp-json\/wp\/v2\/product\/1765","targetHints":{"allow":["GET"]}}],"collection":[{"href":"https:\/\/senzorika-varga.si\/en\/wp-json\/wp\/v2\/product"}],"about":[{"href":"https:\/\/senzorika-varga.si\/en\/wp-json\/wp\/v2\/types\/product"}],"replies":[{"embeddable":true,"href":"https:\/\/senzorika-varga.si\/en\/wp-json\/wp\/v2\/comments?post=1765"}],"version-history":[{"count":3,"href":"https:\/\/senzorika-varga.si\/en\/wp-json\/wp\/v2\/product\/1765\/revisions"}],"predecessor-version":[{"id":9807,"href":"https:\/\/senzorika-varga.si\/en\/wp-json\/wp\/v2\/product\/1765\/revisions\/9807"}],"wp:featuredmedia":[{"embeddable":true,"href":"https:\/\/senzorika-varga.si\/en\/wp-json\/wp\/v2\/media\/5493"}],"wp:attachment":[{"href":"https:\/\/senzorika-varga.si\/en\/wp-json\/wp\/v2\/media?parent=1765"}],"wp:term":[{"taxonomy":"product_brand","embeddable":true,"href":"https:\/\/senzorika-varga.si\/en\/wp-json\/wp\/v2\/product_brand?post=1765"},{"taxonomy":"product_cat","embeddable":true,"href":"https:\/\/senzorika-varga.si\/en\/wp-json\/wp\/v2\/product_cat?post=1765"},{"taxonomy":"product_tag","embeddable":true,"href":"https:\/\/senzorika-varga.si\/en\/wp-json\/wp\/v2\/product_tag?post=1765"}],"curies":[{"name":"wp","href":"https:\/\/api.w.org\/{rel}","templated":true}]}}