{"id":1727,"date":"2025-11-03T21:52:55","date_gmt":"2025-11-03T21:52:55","guid":{"rendered":"https:\/\/senzorika.ajvonidol.si\/?post_type=product&#038;p=1727"},"modified":"2025-12-31T08:37:15","modified_gmt":"2025-12-31T08:37:15","slug":"senzorni-kovcek","status":"publish","type":"product","link":"https:\/\/senzorika-varga.si\/en\/product\/senzorni-kovcek\/","title":{"rendered":"Senzorni kov\u010dek"},"content":{"rendered":"<p>Delovni terapevti in drugi, ki delajo v terapijah, morajo imeti ta komplet. Kov\u010dek in Vodni stolp omogo\u010dita, da se Senzorna soba prinese k uporabniku in ne nasprotno. \u010cvrst kov\u010dek vsebuje veliko \u010dutnih predmetov, od spro\u0161\u010danja do odzivnih u\u010dinkov, projektorja ter opti\u010dnih vlaken, aroma terapije, taktilnih vibracij in \u0161e veliko ve\u010d.<\/p>","protected":false},"excerpt":{"rendered":"<p>Senzorni kov\u010dek<\/p>","protected":false},"featured_media":8766,"menu_order":0,"comment_status":"open","ping_status":"closed","template":"","meta":[],"product_brand":[],"product_cat":[73,70,82,112,69,127,86,125,107,83,111,80,131,68,126],"product_tag":[],"class_list":{"0":"post-1727","1":"product","2":"type-product","3":"status-publish","4":"has-post-thumbnail","6":"product_cat-disko","7":"product_cat-gledanje","8":"product_cat-mehke-igrace","9":"product_cat-odzivnost-in-nagrajevanje","10":"product_cat-ogledala","11":"product_cat-opticna-vlakna","12":"product_cat-prstne-igrace","13":"product_cat-snoezelen","14":"product_cat-spoznavanje","15":"product_cat-spuzvaste-igrace","16":"product_cat-stikala","17":"product_cat-taktilni-pripomocki","18":"product_cat-vecta-mse","19":"product_cat-vizualni-pripomocki","20":"product_cat-vodne-postelje","22":"first","23":"instock","24":"taxable","25":"shipping-taxable","26":"purchasable","27":"product-type-simple"},"jetpack_sharing_enabled":true,"_links":{"self":[{"href":"https:\/\/senzorika-varga.si\/en\/wp-json\/wp\/v2\/product\/1727","targetHints":{"allow":["GET"]}}],"collection":[{"href":"https:\/\/senzorika-varga.si\/en\/wp-json\/wp\/v2\/product"}],"about":[{"href":"https:\/\/senzorika-varga.si\/en\/wp-json\/wp\/v2\/types\/product"}],"replies":[{"embeddable":true,"href":"https:\/\/senzorika-varga.si\/en\/wp-json\/wp\/v2\/comments?post=1727"}],"version-history":[{"count":1,"href":"https:\/\/senzorika-varga.si\/en\/wp-json\/wp\/v2\/product\/1727\/revisions"}],"predecessor-version":[{"id":1728,"href":"https:\/\/senzorika-varga.si\/en\/wp-json\/wp\/v2\/product\/1727\/revisions\/1728"}],"wp:featuredmedia":[{"embeddable":true,"href":"https:\/\/senzorika-varga.si\/en\/wp-json\/wp\/v2\/media\/8766"}],"wp:attachment":[{"href":"https:\/\/senzorika-varga.si\/en\/wp-json\/wp\/v2\/media?parent=1727"}],"wp:term":[{"taxonomy":"product_brand","embeddable":true,"href":"https:\/\/senzorika-varga.si\/en\/wp-json\/wp\/v2\/product_brand?post=1727"},{"taxonomy":"product_cat","embeddable":true,"href":"https:\/\/senzorika-varga.si\/en\/wp-json\/wp\/v2\/product_cat?post=1727"},{"taxonomy":"product_tag","embeddable":true,"href":"https:\/\/senzorika-varga.si\/en\/wp-json\/wp\/v2\/product_tag?post=1727"}],"curies":[{"name":"wp","href":"https:\/\/api.w.org\/{rel}","templated":true}]}}