{"id":1723,"date":"2025-11-03T21:52:55","date_gmt":"2025-11-03T21:52:55","guid":{"rendered":"https:\/\/senzorika.ajvonidol.si\/?post_type=product&#038;p=1723"},"modified":"2025-12-31T08:34:09","modified_gmt":"2025-12-31T08:34:09","slug":"fiksirni-trak","status":"publish","type":"product","link":"https:\/\/senzorika-varga.si\/en\/product\/fiksirni-trak\/","title":{"rendered":"Fiksirni trak"},"content":{"rendered":"<p>Fiksirni trak, da pritrdite sede\u017e. Sede\u017e se umiri in se la\u017eje pomaga uporabniku na sede\u017e in z nje.<\/p>","protected":false},"excerpt":{"rendered":"<p>Fiksirni trak<\/p>","protected":false},"featured_media":8024,"menu_order":0,"comment_status":"open","ping_status":"closed","template":"","meta":[],"product_brand":[],"product_cat":[76,75,77],"product_tag":[],"class_list":{"0":"post-1723","1":"product","2":"type-product","3":"status-publish","4":"has-post-thumbnail","6":"product_cat-gugalnice","7":"product_cat-vestibularni-pripomocki","8":"product_cat-vzmetenje","10":"first","11":"instock","12":"taxable","13":"shipping-taxable","14":"purchasable","15":"product-type-simple"},"jetpack_sharing_enabled":true,"_links":{"self":[{"href":"https:\/\/senzorika-varga.si\/en\/wp-json\/wp\/v2\/product\/1723","targetHints":{"allow":["GET"]}}],"collection":[{"href":"https:\/\/senzorika-varga.si\/en\/wp-json\/wp\/v2\/product"}],"about":[{"href":"https:\/\/senzorika-varga.si\/en\/wp-json\/wp\/v2\/types\/product"}],"replies":[{"embeddable":true,"href":"https:\/\/senzorika-varga.si\/en\/wp-json\/wp\/v2\/comments?post=1723"}],"version-history":[{"count":1,"href":"https:\/\/senzorika-varga.si\/en\/wp-json\/wp\/v2\/product\/1723\/revisions"}],"predecessor-version":[{"id":1724,"href":"https:\/\/senzorika-varga.si\/en\/wp-json\/wp\/v2\/product\/1723\/revisions\/1724"}],"wp:featuredmedia":[{"embeddable":true,"href":"https:\/\/senzorika-varga.si\/en\/wp-json\/wp\/v2\/media\/8024"}],"wp:attachment":[{"href":"https:\/\/senzorika-varga.si\/en\/wp-json\/wp\/v2\/media?parent=1723"}],"wp:term":[{"taxonomy":"product_brand","embeddable":true,"href":"https:\/\/senzorika-varga.si\/en\/wp-json\/wp\/v2\/product_brand?post=1723"},{"taxonomy":"product_cat","embeddable":true,"href":"https:\/\/senzorika-varga.si\/en\/wp-json\/wp\/v2\/product_cat?post=1723"},{"taxonomy":"product_tag","embeddable":true,"href":"https:\/\/senzorika-varga.si\/en\/wp-json\/wp\/v2\/product_tag?post=1723"}],"curies":[{"name":"wp","href":"https:\/\/api.w.org\/{rel}","templated":true}]}}