{"id":1713,"date":"2025-11-03T21:52:51","date_gmt":"2025-11-03T21:52:51","guid":{"rendered":"https:\/\/senzorika.ajvonidol.si\/?post_type=product&#038;p=1713"},"modified":"2025-12-31T08:35:30","modified_gmt":"2025-12-31T08:35:30","slug":"igra-s-fenom-in-z-lucmi","status":"publish","type":"product","link":"https:\/\/senzorika-varga.si\/en\/product\/igra-s-fenom-in-z-lucmi\/","title":{"rendered":"Igra s fenom in z lu\u010dmi"},"content":{"rendered":"<p>Pritisnite stikala &#8211; lu\u010dke bodo utripale in ventilator bo zapihal. Zelo trpe\u017eno.<\/p>","protected":false},"excerpt":{"rendered":"<p>Igra s fenom in z lu\u010dmi<\/p>","protected":false},"featured_media":5947,"menu_order":0,"comment_status":"open","ping_status":"closed","template":"","meta":[],"product_brand":[],"product_cat":[112,107,111],"product_tag":[],"class_list":{"0":"post-1713","1":"product","2":"type-product","3":"status-publish","4":"has-post-thumbnail","6":"product_cat-odzivnost-in-nagrajevanje","7":"product_cat-spoznavanje","8":"product_cat-stikala","10":"first","11":"instock","12":"taxable","13":"shipping-taxable","14":"purchasable","15":"product-type-simple"},"jetpack_sharing_enabled":true,"_links":{"self":[{"href":"https:\/\/senzorika-varga.si\/en\/wp-json\/wp\/v2\/product\/1713","targetHints":{"allow":["GET"]}}],"collection":[{"href":"https:\/\/senzorika-varga.si\/en\/wp-json\/wp\/v2\/product"}],"about":[{"href":"https:\/\/senzorika-varga.si\/en\/wp-json\/wp\/v2\/types\/product"}],"replies":[{"embeddable":true,"href":"https:\/\/senzorika-varga.si\/en\/wp-json\/wp\/v2\/comments?post=1713"}],"version-history":[{"count":1,"href":"https:\/\/senzorika-varga.si\/en\/wp-json\/wp\/v2\/product\/1713\/revisions"}],"predecessor-version":[{"id":1714,"href":"https:\/\/senzorika-varga.si\/en\/wp-json\/wp\/v2\/product\/1713\/revisions\/1714"}],"wp:featuredmedia":[{"embeddable":true,"href":"https:\/\/senzorika-varga.si\/en\/wp-json\/wp\/v2\/media\/5947"}],"wp:attachment":[{"href":"https:\/\/senzorika-varga.si\/en\/wp-json\/wp\/v2\/media?parent=1713"}],"wp:term":[{"taxonomy":"product_brand","embeddable":true,"href":"https:\/\/senzorika-varga.si\/en\/wp-json\/wp\/v2\/product_brand?post=1713"},{"taxonomy":"product_cat","embeddable":true,"href":"https:\/\/senzorika-varga.si\/en\/wp-json\/wp\/v2\/product_cat?post=1713"},{"taxonomy":"product_tag","embeddable":true,"href":"https:\/\/senzorika-varga.si\/en\/wp-json\/wp\/v2\/product_tag?post=1713"}],"curies":[{"name":"wp","href":"https:\/\/api.w.org\/{rel}","templated":true}]}}