{"id":1679,"date":"2025-11-03T21:52:47","date_gmt":"2025-11-03T21:52:47","guid":{"rendered":"https:\/\/senzorika.ajvonidol.si\/?post_type=product&#038;p=1679"},"modified":"2025-12-31T08:33:28","modified_gmt":"2025-12-31T08:33:28","slug":"namizni-vodni-stolp-z-mehurcki","status":"publish","type":"product","link":"https:\/\/senzorika-varga.si\/en\/product\/namizni-vodni-stolp-z-mehurcki\/","title":{"rendered":"Namizni vodni stolp z mehur\u010dki"},"content":{"rendered":"<div><!--block-->Mo\u017enost reguliranja s stikalom (ni vklju\u010deno).<\/p>\n<p>Model vodni stolp primeren za uporabo na mizi. Majhen in priro\u010dni stolp z mehur\u010dki. Pravimo mu namizni model, dobro pa se prilega tudi na tla. S svojo velikostjo ga zlahka postavite kot oja\u010devalec udobja v spalnici ali v majhni sobici\/ko\u010di. Mehur\u010dkov na tem stolpu ni mogo\u010de nastavljati.<\/p>\n<p>Za polnjenje je potrebnih 6 litrov vode. Priporo\u010damo nakup na\u0161e deionizirane vode ter sredstvo za prepre\u010devanje alg (https:\/\/senzorika-varga.si\/mse\/cistilo-za-vodne-stolpe.html).<\/p>\n<\/div>","protected":false},"excerpt":{"rendered":"<p>Namizni vodni stolp z mehur\u010dki<\/p>","protected":false},"featured_media":5479,"menu_order":0,"comment_status":"open","ping_status":"closed","template":"","meta":[],"product_brand":[],"product_cat":[125,68,128],"product_tag":[],"class_list":{"0":"post-1679","1":"product","2":"type-product","3":"status-publish","4":"has-post-thumbnail","6":"product_cat-snoezelen","7":"product_cat-vizualni-pripomocki","8":"product_cat-vodni-stolpi","10":"first","11":"instock","12":"taxable","13":"shipping-taxable","14":"purchasable","15":"product-type-simple"},"jetpack_sharing_enabled":true,"_links":{"self":[{"href":"https:\/\/senzorika-varga.si\/en\/wp-json\/wp\/v2\/product\/1679","targetHints":{"allow":["GET"]}}],"collection":[{"href":"https:\/\/senzorika-varga.si\/en\/wp-json\/wp\/v2\/product"}],"about":[{"href":"https:\/\/senzorika-varga.si\/en\/wp-json\/wp\/v2\/types\/product"}],"replies":[{"embeddable":true,"href":"https:\/\/senzorika-varga.si\/en\/wp-json\/wp\/v2\/comments?post=1679"}],"version-history":[{"count":3,"href":"https:\/\/senzorika-varga.si\/en\/wp-json\/wp\/v2\/product\/1679\/revisions"}],"predecessor-version":[{"id":9758,"href":"https:\/\/senzorika-varga.si\/en\/wp-json\/wp\/v2\/product\/1679\/revisions\/9758"}],"wp:featuredmedia":[{"embeddable":true,"href":"https:\/\/senzorika-varga.si\/en\/wp-json\/wp\/v2\/media\/5479"}],"wp:attachment":[{"href":"https:\/\/senzorika-varga.si\/en\/wp-json\/wp\/v2\/media?parent=1679"}],"wp:term":[{"taxonomy":"product_brand","embeddable":true,"href":"https:\/\/senzorika-varga.si\/en\/wp-json\/wp\/v2\/product_brand?post=1679"},{"taxonomy":"product_cat","embeddable":true,"href":"https:\/\/senzorika-varga.si\/en\/wp-json\/wp\/v2\/product_cat?post=1679"},{"taxonomy":"product_tag","embeddable":true,"href":"https:\/\/senzorika-varga.si\/en\/wp-json\/wp\/v2\/product_tag?post=1679"}],"curies":[{"name":"wp","href":"https:\/\/api.w.org\/{rel}","templated":true}]}}