{"id":1675,"date":"2025-11-03T21:52:47","date_gmt":"2025-11-03T21:52:47","guid":{"rendered":"https:\/\/senzorika.ajvonidol.si\/?post_type=product&#038;p=1675"},"modified":"2025-12-31T08:36:42","modified_gmt":"2025-12-31T08:36:42","slug":"dvojna-glasbena-vod-postelja","status":"publish","type":"product","link":"https:\/\/senzorika-varga.si\/en\/product\/dvojna-glasbena-vod-postelja\/","title":{"rendered":"Dvojna glasbena vod. postelja"},"content":{"rendered":"<div><!--block-->Voda je odli\u010den medij za glasbo in resonanco. Lesena podloga postelje je dostopna za nosilce nepokretne osebe in vklju\u010duje dva zvo\u010dnika (oddajata vibracije), da lahko priklju\u010dite na oja\u010devalec (ni vklju\u010den), koda: 9RSX.<\/div>","protected":false},"excerpt":{"rendered":"<p>Dvojna glasbena vodna postelja<\/p>","protected":false},"featured_media":8287,"menu_order":0,"comment_status":"open","ping_status":"closed","template":"","meta":[],"product_brand":[],"product_cat":[125,126],"product_tag":[],"class_list":{"0":"post-1675","1":"product","2":"type-product","3":"status-publish","4":"has-post-thumbnail","6":"product_cat-snoezelen","7":"product_cat-vodne-postelje","9":"first","10":"instock","11":"taxable","12":"shipping-taxable","13":"purchasable","14":"product-type-simple"},"jetpack_sharing_enabled":true,"_links":{"self":[{"href":"https:\/\/senzorika-varga.si\/en\/wp-json\/wp\/v2\/product\/1675","targetHints":{"allow":["GET"]}}],"collection":[{"href":"https:\/\/senzorika-varga.si\/en\/wp-json\/wp\/v2\/product"}],"about":[{"href":"https:\/\/senzorika-varga.si\/en\/wp-json\/wp\/v2\/types\/product"}],"replies":[{"embeddable":true,"href":"https:\/\/senzorika-varga.si\/en\/wp-json\/wp\/v2\/comments?post=1675"}],"version-history":[{"count":2,"href":"https:\/\/senzorika-varga.si\/en\/wp-json\/wp\/v2\/product\/1675\/revisions"}],"predecessor-version":[{"id":9692,"href":"https:\/\/senzorika-varga.si\/en\/wp-json\/wp\/v2\/product\/1675\/revisions\/9692"}],"wp:featuredmedia":[{"embeddable":true,"href":"https:\/\/senzorika-varga.si\/en\/wp-json\/wp\/v2\/media\/8287"}],"wp:attachment":[{"href":"https:\/\/senzorika-varga.si\/en\/wp-json\/wp\/v2\/media?parent=1675"}],"wp:term":[{"taxonomy":"product_brand","embeddable":true,"href":"https:\/\/senzorika-varga.si\/en\/wp-json\/wp\/v2\/product_brand?post=1675"},{"taxonomy":"product_cat","embeddable":true,"href":"https:\/\/senzorika-varga.si\/en\/wp-json\/wp\/v2\/product_cat?post=1675"},{"taxonomy":"product_tag","embeddable":true,"href":"https:\/\/senzorika-varga.si\/en\/wp-json\/wp\/v2\/product_tag?post=1675"}],"curies":[{"name":"wp","href":"https:\/\/api.w.org\/{rel}","templated":true}]}}