{"id":1669,"date":"2025-11-03T21:52:47","date_gmt":"2025-11-03T21:52:47","guid":{"rendered":"https:\/\/senzorika.ajvonidol.si\/?post_type=product&#038;p=1669"},"modified":"2026-02-25T14:01:02","modified_gmt":"2026-02-25T14:01:02","slug":"viseca-mreza","status":"publish","type":"product","link":"https:\/\/senzorika-varga.si\/en\/product\/viseca-mreza\/","title":{"rendered":"Vise\u010da mre\u017ea"},"content":{"rendered":"<p>Mehko podlo\u017eena gugalnica ziba uporabnika z globokim tla\u010dnim pritiskom. Ne vklju\u010duje zaponke in okvirja!<\/p>","protected":false},"excerpt":{"rendered":"<p>Vise\u010da mre\u017ea<\/p>","protected":false},"featured_media":8188,"menu_order":0,"comment_status":"open","ping_status":"closed","template":"","meta":[],"product_brand":[],"product_cat":[76,78,75],"product_tag":[],"class_list":{"0":"post-1669","1":"product","2":"type-product","3":"status-publish","4":"has-post-thumbnail","6":"product_cat-gugalnice","7":"product_cat-senzorna-integracija","8":"product_cat-vestibularni-pripomocki","10":"first","11":"instock","12":"taxable","13":"shipping-taxable","14":"purchasable","15":"product-type-simple"},"jetpack_sharing_enabled":true,"_links":{"self":[{"href":"https:\/\/senzorika-varga.si\/en\/wp-json\/wp\/v2\/product\/1669","targetHints":{"allow":["GET"]}}],"collection":[{"href":"https:\/\/senzorika-varga.si\/en\/wp-json\/wp\/v2\/product"}],"about":[{"href":"https:\/\/senzorika-varga.si\/en\/wp-json\/wp\/v2\/types\/product"}],"replies":[{"embeddable":true,"href":"https:\/\/senzorika-varga.si\/en\/wp-json\/wp\/v2\/comments?post=1669"}],"version-history":[{"count":4,"href":"https:\/\/senzorika-varga.si\/en\/wp-json\/wp\/v2\/product\/1669\/revisions"}],"predecessor-version":[{"id":13548,"href":"https:\/\/senzorika-varga.si\/en\/wp-json\/wp\/v2\/product\/1669\/revisions\/13548"}],"wp:featuredmedia":[{"embeddable":true,"href":"https:\/\/senzorika-varga.si\/en\/wp-json\/wp\/v2\/media\/8188"}],"wp:attachment":[{"href":"https:\/\/senzorika-varga.si\/en\/wp-json\/wp\/v2\/media?parent=1669"}],"wp:term":[{"taxonomy":"product_brand","embeddable":true,"href":"https:\/\/senzorika-varga.si\/en\/wp-json\/wp\/v2\/product_brand?post=1669"},{"taxonomy":"product_cat","embeddable":true,"href":"https:\/\/senzorika-varga.si\/en\/wp-json\/wp\/v2\/product_cat?post=1669"},{"taxonomy":"product_tag","embeddable":true,"href":"https:\/\/senzorika-varga.si\/en\/wp-json\/wp\/v2\/product_tag?post=1669"}],"curies":[{"name":"wp","href":"https:\/\/api.w.org\/{rel}","templated":true}]}}